{"id":38124,"date":"2023-10-23T18:39:34","date_gmt":"2023-10-23T16:39:34","guid":{"rendered":"https:\/\/gamn.org\/o-nama\/"},"modified":"2025-04-14T16:06:11","modified_gmt":"2025-04-14T14:06:11","slug":"o-nama","status":"publish","type":"page","link":"https:\/\/gamn.org\/sq\/o-nama\/","title":{"rendered":"P\u00ebr ne"},"content":{"rendered":"\t\t<div data-elementor-type=\"wp-page\" data-elementor-id=\"38124\" class=\"elementor elementor-38124 elementor-37470\" data-elementor-post-type=\"page\">\n\t\t\t\t<div class=\"elementor-element elementor-element-c8d11c3 e-flex e-con-boxed e-con e-parent\" data-id=\"c8d11c3\" data-element_type=\"container\" data-settings=\"{&quot;background_background&quot;:&quot;classic&quot;}\">\n\t\t\t\t\t<div class=\"e-con-inner\">\n\t\t\t\t\t<\/div>\n\t\t\t\t<\/div>\n\t\t<div class=\"elementor-element elementor-element-1558ace e-flex e-con-boxed e-con e-parent\" data-id=\"1558ace\" data-element_type=\"container\">\n\t\t\t\t\t<div class=\"e-con-inner\">\n\t\t<div class=\"elementor-element elementor-element-5e14c2c e-con-full e-flex e-con e-child\" data-id=\"5e14c2c\" data-element_type=\"container\">\n\t\t\t\t<div class=\"elementor-element elementor-element-51a9ac3 elementor-widget elementor-widget-text-editor\" data-id=\"51a9ac3\" data-element_type=\"widget\" data-widget_type=\"text-editor.default\">\n\t\t\t\t<div class=\"elementor-widget-container\">\n\t\t\t\t\t\t\t<p><span style=\"font-weight: 400;\">Aleanca qytetare \u00ebsht\u00eb nj\u00eb organizat\u00eb jo-fitimprur\u00ebse, e themeluar n\u00eb vitin 2011 me q\u00ebllim t\u00eb p\u00ebrmir\u00ebsimit, mbrojtjes dhe promovimit t\u00eb t\u00eb drejtave t\u00eb njeriut n\u00eb Mal t\u00eb Zi. Ajo \u00ebsht\u00eb e p\u00ebrkushtuar n\u00eb nd\u00ebrtimin e nj\u00eb shoq\u00ebrie t\u00eb drejt\u00eb dhe gjith\u00ebp\u00ebrfshir\u00ebse, ku t\u00eb drejtat e \u00e7do individi respektohen dhe mbrohen, pavar\u00ebsisht gjinis\u00eb, p\u00ebrkat\u00ebsis\u00eb etnike, fes\u00eb, ose ndonj\u00eb karakteristik\u00eb tjet\u00ebr personale.<\/span><\/p><p><span style=\"font-weight: 400;\">Ne vazhdimisht ndjekim pun\u00ebn e organeve t\u00eb drejt\u00ebsis\u00eb dhe administrat\u00ebs publike, si n\u00eb nivelin lokal ashtu edhe n\u00eb at\u00eb komb\u00ebtar. Ne besojm\u00eb se transparenca, p\u00ebrgjegj\u00ebsia dhe drejt\u00ebsia n\u00eb pun\u00ebn e k\u00ebtyre institucioneve jan\u00eb themelet e nj\u00eb shoq\u00ebrie demokratike dhe nj\u00eb nga kushtet baz\u00eb p\u00ebr respektimin e t\u00eb drejtave t\u00eb njeriut. Ndjekja e vazhdueshme na mund\u00ebson t\u00eb identifikojm\u00eb mang\u00ebsit\u00eb sistemike dhe t\u00eb propozojm\u00eb reforma konkrete p\u00ebr t\u00eb siguruar q\u00eb institucionet t\u00eb funksionojn\u00eb n\u00eb sh\u00ebrbim t\u00eb qytetar\u00ebve dhe qytetareve dhe n\u00eb p\u00ebrputhje me standardet nd\u00ebrkomb\u00ebtare t\u00eb t\u00eb drejtave t\u00eb njeriut.<\/span><\/p>\t\t\t\t\t\t<\/div>\n\t\t\t\t<\/div>\n\t\t\t\t<\/div>\n\t\t<div class=\"elementor-element elementor-element-32cac87 e-con-full e-flex e-con e-child\" data-id=\"32cac87\" data-element_type=\"container\">\n\t\t\t\t<div class=\"elementor-element elementor-element-2999b69 elementor-widget elementor-widget-image\" data-id=\"2999b69\" data-element_type=\"widget\" data-widget_type=\"image.default\">\n\t\t\t\t<div class=\"elementor-widget-container\">\n\t\t\t\t\t\t\t\t\t\t\t\t\t<img fetchpriority=\"high\" decoding=\"async\" width=\"800\" height=\"600\" src=\"https:\/\/gamn.org\/wp-content\/uploads\/2025\/04\/Footografija-za-dio-O-nama-1-1024x768.jpg\" class=\"attachment-large size-large wp-image-44390\" alt=\"\" srcset=\"https:\/\/gamn.org\/wp-content\/uploads\/2025\/04\/Footografija-za-dio-O-nama-1-1024x768.jpg 1024w, https:\/\/gamn.org\/wp-content\/uploads\/2025\/04\/Footografija-za-dio-O-nama-1-300x225.jpg 300w, https:\/\/gamn.org\/wp-content\/uploads\/2025\/04\/Footografija-za-dio-O-nama-1-200x150.jpg 200w, https:\/\/gamn.org\/wp-content\/uploads\/2025\/04\/Footografija-za-dio-O-nama-1-768x576.jpg 768w, https:\/\/gamn.org\/wp-content\/uploads\/2025\/04\/Footografija-za-dio-O-nama-1-1536x1152.jpg 1536w, https:\/\/gamn.org\/wp-content\/uploads\/2025\/04\/Footografija-za-dio-O-nama-1.jpg 1800w\" sizes=\"(max-width: 800px) 100vw, 800px\" \/>\t\t\t\t\t\t\t\t\t\t\t\t\t<\/div>\n\t\t\t\t<\/div>\n\t\t\t\t<\/div>\n\t\t\t\t\t<\/div>\n\t\t\t\t<\/div>\n\t\t<div class=\"elementor-element elementor-element-6fc3263 e-flex e-con-boxed e-con e-parent\" data-id=\"6fc3263\" data-element_type=\"container\">\n\t\t\t\t\t<div class=\"e-con-inner\">\n\t\t<div class=\"elementor-element elementor-element-3d623e1 e-flex e-con-boxed e-con e-child\" data-id=\"3d623e1\" data-element_type=\"container\">\n\t\t\t\t\t<div class=\"e-con-inner\">\n\t\t<div class=\"elementor-element elementor-element-1fc8009 e-flex e-con-boxed e-con e-child\" data-id=\"1fc8009\" data-element_type=\"container\">\n\t\t\t\t\t<div class=\"e-con-inner\">\n\t\t\t\t<div class=\"elementor-element elementor-element-37e1fe2 elementor-widget elementor-widget-text-editor\" data-id=\"37e1fe2\" data-element_type=\"widget\" data-widget_type=\"text-editor.default\">\n\t\t\t\t<div class=\"elementor-widget-container\">\n\t\t\t\t\t\t\t<p><span style=\"font-weight: 400;\">Aleanca qytetare i kushton nj\u00eb v\u00ebmendje t\u00eb ve\u00e7ant\u00eb edukimit t\u00eb lider\u00ebve t\u00eb rinj n\u00eb politik\u00eb, p\u00ebrfaq\u00ebsuesve t\u00eb organizatave joqeveritare, mediave, si dhe avokimit p\u00ebr barazin\u00eb gjinore. P\u00ebrmes formave t\u00eb arsimit joformal, synojm\u00eb t\u00eb krijojm\u00eb aktiviste dhe aktivist\u00eb t\u00eb aft\u00eb, efektiv\u00eb, politik\u00eb dhe shoq\u00ebror\u00eb, si dhe vendimmarr\u00ebs t\u00eb ardhsh\u00ebm. Nj\u00eb nga q\u00ebllimet e Aleanc\u00ebs qytetare \u00ebsht\u00eb krijimi i nj\u00eb shoq\u00ebrie n\u00eb t\u00eb cil\u00ebn grat\u00eb dhe burrat kan\u00eb t\u00eb drejta, mund\u00ebsi dhe qasje t\u00eb barabarta n\u00eb t\u00eb gjitha fushat e jet\u00ebs shoq\u00ebrore. P\u00ebrmes programeve edukative dhe bashk\u00ebpunimit me institucionet dhe sektorin civil, ne p\u00ebrpiqemi t\u00eb v\u00ebndosim n\u00eb dukje sfidat me t\u00eb cilat p\u00ebrballen grate, si dhe t\u00eb kontribuojm\u00eb n\u00eb uljen e diskriminimit gjinor n\u00eb t\u00eb gjitha segmentet e shoq\u00ebris\u00eb.<\/span><\/p><p><span style=\"font-weight: 400;\">P\u00ebrve\u00e7 k\u00ebsaj, ne punojm\u00eb n\u00eb m\u00ebnyr\u00eb aktive p\u00ebr t\u00eb ulur stigmatizimin dhe diskriminimin e grupeve t\u00eb margjinalizuara, duke p\u00ebrfshir\u00eb an\u00ebtar\u00ebt e komunitetit rom dhe egjiptian, si dhe migrant\u00ebt dhe refugjat\u00ebt.<\/span><\/p><p><span style=\"font-weight: 400;\">Aleanca Qytetare, s\u00eb bashku me partner\u00ebt e saj, kan\u00eb themeluar Sht\u00ebpin\u00eb Qytetare si nj\u00eb vend ku do t\u00eb mblidhen organizatat joqeveritare dhe aktivist\u00ebt q\u00eb angazhohen p\u00ebr forcimin e demokracis\u00eb dhe t\u00eb drejtave t\u00eb njeriut.<\/span><\/p><p><span style=\"font-weight: 400;\">Ne besojm\u00eb se promovimi i t\u00eb drejtave t\u00eb njeriut \u00ebsht\u00eb nj\u00eb detyr\u00eb e p\u00ebrbashk\u00ebt e t\u00eb gjith\u00eb an\u00ebtar\u00ebve t\u00eb shoq\u00ebris\u00eb dhe se p\u00ebrfshirja \u00ebsht\u00eb \u00e7el\u00ebsi i kohezionit shoq\u00ebror.<\/span><\/p>\t\t\t\t\t\t<\/div>\n\t\t\t\t<\/div>\n\t\t\t\t\t<\/div>\n\t\t\t\t<\/div>\n\t\t\t\t\t<\/div>\n\t\t\t\t<\/div>\n\t\t\t\t\t<\/div>\n\t\t\t\t<\/div>\n\t\t\t\t<\/div>\n\t\t","protected":false},"excerpt":{"rendered":"<p>Aleanca qytetare \u00ebsht\u00eb nj\u00eb organizat\u00eb jo-fitimprur\u00ebse, e themeluar n\u00eb vitin 2011 me q\u00ebllim t\u00eb p\u00ebrmir\u00ebsimit, mbrojtjes dhe promovimit t\u00eb t\u00eb drejtave t\u00eb njeriut n\u00eb Mal t\u00eb Zi. Ajo \u00ebsht\u00eb e p\u00ebrkushtuar n\u00eb nd\u00ebrtimin e nj\u00eb shoq\u00ebrie t\u00eb drejt\u00eb dhe gjith\u00ebp\u00ebrfshir\u00ebse, ku t\u00eb drejtat e \u00e7do individi respektohen dhe mbrohen, pavar\u00ebsisht gjinis\u00eb, p\u00ebrkat\u00ebsis\u00eb etnike, fes\u00eb, ose [&hellip;]<\/p>\n","protected":false},"author":747,"featured_media":0,"parent":0,"menu_order":0,"comment_status":"closed","ping_status":"closed","template":"elementor_header_footer","meta":{"footnotes":""},"acf":[],"aioseo_notices":[],"_links":{"self":[{"href":"https:\/\/gamn.org\/sq\/wp-json\/wp\/v2\/pages\/38124"}],"collection":[{"href":"https:\/\/gamn.org\/sq\/wp-json\/wp\/v2\/pages"}],"about":[{"href":"https:\/\/gamn.org\/sq\/wp-json\/wp\/v2\/types\/page"}],"author":[{"embeddable":true,"href":"https:\/\/gamn.org\/sq\/wp-json\/wp\/v2\/users\/747"}],"replies":[{"embeddable":true,"href":"https:\/\/gamn.org\/sq\/wp-json\/wp\/v2\/comments?post=38124"}],"version-history":[{"count":8,"href":"https:\/\/gamn.org\/sq\/wp-json\/wp\/v2\/pages\/38124\/revisions"}],"predecessor-version":[{"id":44397,"href":"https:\/\/gamn.org\/sq\/wp-json\/wp\/v2\/pages\/38124\/revisions\/44397"}],"wp:attachment":[{"href":"https:\/\/gamn.org\/sq\/wp-json\/wp\/v2\/media?parent=38124"}],"curies":[{"name":"wp","href":"https:\/\/api.w.org\/{rel}","templated":true}]}}