{"id":38140,"date":"2023-10-23T20:25:08","date_gmt":"2023-10-23T18:25:08","guid":{"rendered":"https:\/\/gamn.org\/per-ne\/misija\/"},"modified":"2025-04-14T16:13:03","modified_gmt":"2025-04-14T14:13:03","slug":"misija-i-vizija","status":"publish","type":"page","link":"https:\/\/gamn.org\/sq\/o-nama\/misija-i-vizija\/","title":{"rendered":"Misioni dhe vizioni"},"content":{"rendered":"\t\t<div data-elementor-type=\"wp-page\" data-elementor-id=\"38140\" class=\"elementor elementor-38140 elementor-37599\" data-elementor-post-type=\"page\">\n\t\t\t\t<div class=\"elementor-element elementor-element-a39cd26 e-flex e-con-boxed e-con e-parent\" data-id=\"a39cd26\" data-element_type=\"container\" data-settings=\"{&quot;background_background&quot;:&quot;classic&quot;}\">\n\t\t\t\t\t<div class=\"e-con-inner\">\n\t\t\t\t\t<\/div>\n\t\t\t\t<\/div>\n\t\t<div class=\"elementor-element elementor-element-44c40eb e-flex e-con-boxed e-con e-parent\" data-id=\"44c40eb\" data-element_type=\"container\">\n\t\t\t\t\t<div class=\"e-con-inner\">\n\t\t<div class=\"elementor-element elementor-element-9d30f23 e-flex e-con-boxed e-con e-child\" data-id=\"9d30f23\" data-element_type=\"container\">\n\t\t\t\t\t<div class=\"e-con-inner\">\n\t\t\t\t<div class=\"elementor-element elementor-element-f9a1f8a elementor-widget elementor-widget-heading\" data-id=\"f9a1f8a\" data-element_type=\"widget\" data-widget_type=\"heading.default\">\n\t\t\t\t<div class=\"elementor-widget-container\">\n\t\t\t<h2 class=\"elementor-heading-title elementor-size-default\">Misioni<\/h2>\t\t<\/div>\n\t\t\t\t<\/div>\n\t\t\t\t<div class=\"elementor-element elementor-element-7ded5b2 elementor-widget elementor-widget-text-editor\" data-id=\"7ded5b2\" data-element_type=\"widget\" data-widget_type=\"text-editor.default\">\n\t\t\t\t<div class=\"elementor-widget-container\">\n\t\t\t\t\t\t\t<p><span style=\"font-weight: 400;\">Ne kemi mb\u00ebshtetur, mbrojtur dhe forcuar rrjedh\u00ebn e informacioneve midis qytetar\u00ebve dhe institucioneve, p\u00ebrmes ndihm\u00ebs juridike falas dhe promovimit t\u00eb t\u00eb drejtave t\u00eb tyre p\u00ebrmes aktiviteteve t\u00eb synuara t\u00eb p\u00ebrfaq\u00ebsimit mediatik. Kemi hulumtuar efikasitetin dhe transparenc\u00ebn e pun\u00ebs s\u00eb sh\u00ebrbimeve publike ndaj qytetar\u00ebve t\u00eb thjesht\u00eb dhe ve\u00e7an\u00ebrisht ndaj grupeve t\u00eb margjinalizuara. Me an\u00eb t\u00eb informimit, kemi ngritur nd\u00ebrgjegj\u00ebsimin e opinionit publik dhe t\u00eb vendimmarr\u00ebsve mbi t\u00eb drejtat e njeriut dhe demokracin\u00eb, si dhe mbi p\u00ebrgjegj\u00ebsin\u00eb e qeveris\u00eb dhe efikasitetin e institucioneve t\u00eb saj. Kemi ndihmuar n\u00eb nd\u00ebrtimin e kapaciteteve t\u00eb p\u00ebrfaq\u00ebsuesve t\u00eb shoq\u00ebris\u00eb civile, politikaneve dhe gazetar\u00ebve dhe kemi promovuar rrjetizimin e tyre.<\/span><\/p>\t\t\t\t\t\t<\/div>\n\t\t\t\t<\/div>\n\t\t\t\t<div class=\"elementor-element elementor-element-8a6caf7 elementor-widget elementor-widget-text-editor\" data-id=\"8a6caf7\" data-element_type=\"widget\" data-widget_type=\"text-editor.default\">\n\t\t\t\t<div class=\"elementor-widget-container\">\n\t\t\t\t\t\t\tAleanca qytetare (AQ) kontribuon n\u00eb m\u00ebnyr\u00eb cil\u00ebsore dhe efikase n\u00eb krijimin e nj\u00eb shoq\u00ebrie qytetare dhe demokratike, p\u00ebrmes ngritj\u00ebs s\u00eb kapaciteteve dhe mb\u00ebshtetjes s\u00eb inicijativave qytetare, mbrojtjes dhe promovimit t\u00eb t\u00eb drejtave t\u00eb njeriut dhe mbik\u00ebqyrjes s\u00eb pun\u00ebs s\u00eb institucioneve shtet\u00ebrore.\n\t\t\t\t\t\t<\/div>\n\t\t\t\t<\/div>\n\t\t\t\t\t<\/div>\n\t\t\t\t<\/div>\n\t\t<div class=\"elementor-element elementor-element-e5d0b62 e-flex e-con-boxed e-con e-child\" data-id=\"e5d0b62\" data-element_type=\"container\">\n\t\t\t\t\t<div class=\"e-con-inner\">\n\t\t\t\t<div class=\"elementor-element elementor-element-927f025 elementor-widget elementor-widget-image\" data-id=\"927f025\" data-element_type=\"widget\" data-widget_type=\"image.default\">\n\t\t\t\t<div class=\"elementor-widget-container\">\n\t\t\t\t\t\t\t\t\t\t\t\t\t<img fetchpriority=\"high\" decoding=\"async\" width=\"800\" height=\"600\" src=\"https:\/\/gamn.org\/wp-content\/uploads\/2025\/04\/fotografija-za-misija-i-vizija-1024x768.jpg\" class=\"attachment-large size-large wp-image-44374\" alt=\"\" srcset=\"https:\/\/gamn.org\/wp-content\/uploads\/2025\/04\/fotografija-za-misija-i-vizija-1024x768.jpg 1024w, https:\/\/gamn.org\/wp-content\/uploads\/2025\/04\/fotografija-za-misija-i-vizija-300x225.jpg 300w, https:\/\/gamn.org\/wp-content\/uploads\/2025\/04\/fotografija-za-misija-i-vizija-200x150.jpg 200w, https:\/\/gamn.org\/wp-content\/uploads\/2025\/04\/fotografija-za-misija-i-vizija-768x576.jpg 768w, https:\/\/gamn.org\/wp-content\/uploads\/2025\/04\/fotografija-za-misija-i-vizija-1536x1152.jpg 1536w, https:\/\/gamn.org\/wp-content\/uploads\/2025\/04\/fotografija-za-misija-i-vizija.jpg 1800w\" sizes=\"(max-width: 800px) 100vw, 800px\" \/>\t\t\t\t\t\t\t\t\t\t\t\t\t<\/div>\n\t\t\t\t<\/div>\n\t\t\t\t\t<\/div>\n\t\t\t\t<\/div>\n\t\t\t\t\t<\/div>\n\t\t\t\t<\/div>\n\t\t<div class=\"elementor-element elementor-element-ede8423 e-flex e-con-boxed e-con e-parent\" data-id=\"ede8423\" data-element_type=\"container\">\n\t\t\t\t\t<div class=\"e-con-inner\">\n\t\t<div class=\"elementor-element elementor-element-a809be6 e-con-full elementor-hidden-desktop elementor-hidden-laptop elementor-hidden-tablet elementor-hidden-mobile e-flex e-con e-child\" data-id=\"a809be6\" data-element_type=\"container\">\n\t\t\t\t<div class=\"elementor-element elementor-element-4e2c858 elementor-widget elementor-widget-image\" data-id=\"4e2c858\" data-element_type=\"widget\" data-widget_type=\"image.default\">\n\t\t\t\t<div class=\"elementor-widget-container\">\n\t\t\t\t\t\t\t\t\t\t\t\t\t<img decoding=\"async\" width=\"800\" height=\"600\" src=\"https:\/\/gamn.org\/wp-content\/uploads\/2023\/10\/356157931_574218594881132_5975033355929394027_n-1024x768.jpg\" class=\"attachment-large size-large wp-image-37625\" alt=\"\" srcset=\"https:\/\/gamn.org\/wp-content\/uploads\/2023\/10\/356157931_574218594881132_5975033355929394027_n-1024x768.jpg 1024w, https:\/\/gamn.org\/wp-content\/uploads\/2023\/10\/356157931_574218594881132_5975033355929394027_n-300x225.jpg 300w, https:\/\/gamn.org\/wp-content\/uploads\/2023\/10\/356157931_574218594881132_5975033355929394027_n-200x150.jpg 200w, https:\/\/gamn.org\/wp-content\/uploads\/2023\/10\/356157931_574218594881132_5975033355929394027_n-768x576.jpg 768w, https:\/\/gamn.org\/wp-content\/uploads\/2023\/10\/356157931_574218594881132_5975033355929394027_n-1536x1152.jpg 1536w, https:\/\/gamn.org\/wp-content\/uploads\/2023\/10\/356157931_574218594881132_5975033355929394027_n.jpg 2048w\" sizes=\"(max-width: 800px) 100vw, 800px\" \/>\t\t\t\t\t\t\t\t\t\t\t\t\t<\/div>\n\t\t\t\t<\/div>\n\t\t\t\t<\/div>\n\t\t<div class=\"elementor-element elementor-element-b5ebfb1 e-flex e-con-boxed e-con e-child\" data-id=\"b5ebfb1\" data-element_type=\"container\">\n\t\t\t\t\t<div class=\"e-con-inner\">\n\t\t\t\t<div class=\"elementor-element elementor-element-20348d1 elementor-widget elementor-widget-heading\" data-id=\"20348d1\" data-element_type=\"widget\" data-widget_type=\"heading.default\">\n\t\t\t\t<div class=\"elementor-widget-container\">\n\t\t\t<h2 class=\"elementor-heading-title elementor-size-default\">Vizioni<\/h2>\t\t<\/div>\n\t\t\t\t<\/div>\n\t\t\t\t<div class=\"elementor-element elementor-element-be5f1bc elementor-widget elementor-widget-text-editor\" data-id=\"be5f1bc\" data-element_type=\"widget\" data-widget_type=\"text-editor.default\">\n\t\t\t\t<div class=\"elementor-widget-container\">\n\t\t\t\t\t\t\t<p><span style=\"font-weight: 400;\">Pas viteve t\u00eb luft\u00ebrave dhe shp\u00ebrb\u00ebrjes s\u00eb ish-Jugosllavis\u00eb, ndryshimet tranzicionale n\u00eb administrat\u00ebn publike dhe sistemin gjyq\u00ebsor shpesh jan\u00eb t\u00eb lidhura me procedura t\u00eb komplikuara joefikase, munges\u00eb transparence dhe p\u00ebrgjegj\u00ebsie ndaj qytetar\u00ebve t\u00eb thjesht\u00eb si p\u00ebrdorues t\u00eb sh\u00ebrbimeve t\u00eb tyre. P\u00ebr pothuajse nj\u00eb dekad\u00eb, aktivist\u00ebt tan\u00eb mb\u00ebshtesin qytetar\u00ebt n\u00eb luft\u00ebn p\u00ebr t\u00eb drejtat qytetare dhe njer\u00ebzore, duke i ndihmuar ata t\u00eb tejkalojn\u00eb problemet e bashk\u00ebpunimit t\u00eb dob\u00ebt institucional dhe keqinterpretimit t\u00eb normave ligjore, si dhe ngadal\u00ebsis\u00eb dhe munges\u00ebs s\u00eb p\u00ebrgjegj\u00ebsis\u00eb nga disa funksionar\u00eb shtet\u00ebror\u00eb.<\/span><\/p>\t\t\t\t\t\t<\/div>\n\t\t\t\t<\/div>\n\t\t\t\t<div class=\"elementor-element elementor-element-20a5d65 elementor-widget elementor-widget-text-editor\" data-id=\"20a5d65\" data-element_type=\"widget\" data-widget_type=\"text-editor.default\">\n\t\t\t\t<div class=\"elementor-widget-container\">\n\t\t\t\t\t\t\tMal i Zi \u00ebsht\u00eb nj\u00eb shoq\u00ebri qytetare dhe demokratike, e bazuar n\u00eb sundimin e ligjit. Mal i Zi po zhvillohet si nj\u00eb shoq\u00ebri e qytetar\u00ebve aktiv\u00eb dhe t\u00eb informuar, nd\u00ebrsa institucionet shtet\u00ebrore funksionojn\u00eb n\u00eb p\u00ebrputhje me rregulloret ligjore pozitive me q\u00ebllim t\u00eb arritj\u00ebs s\u00eb interesit publik.\n\t\t\t\t\t\t<\/div>\n\t\t\t\t<\/div>\n\t\t\t\t\t<\/div>\n\t\t\t\t<\/div>\n\t\t\t\t\t<\/div>\n\t\t\t\t<\/div>\n\t\t\t\t<\/div>\n\t\t","protected":false},"excerpt":{"rendered":"<p>Misioni Ne kemi mb\u00ebshtetur, mbrojtur dhe forcuar rrjedh\u00ebn e informacioneve midis qytetar\u00ebve dhe institucioneve, p\u00ebrmes ndihm\u00ebs juridike falas dhe promovimit t\u00eb t\u00eb drejtave t\u00eb tyre p\u00ebrmes aktiviteteve t\u00eb synuara t\u00eb p\u00ebrfaq\u00ebsimit mediatik. Kemi hulumtuar efikasitetin dhe transparenc\u00ebn e pun\u00ebs s\u00eb sh\u00ebrbimeve publike ndaj qytetar\u00ebve t\u00eb thjesht\u00eb dhe ve\u00e7an\u00ebrisht ndaj grupeve t\u00eb margjinalizuara. Me an\u00eb t\u00eb [&hellip;]<\/p>\n","protected":false},"author":747,"featured_media":0,"parent":38124,"menu_order":0,"comment_status":"closed","ping_status":"closed","template":"elementor_header_footer","meta":{"footnotes":""},"acf":[],"aioseo_notices":[],"_links":{"self":[{"href":"https:\/\/gamn.org\/sq\/wp-json\/wp\/v2\/pages\/38140"}],"collection":[{"href":"https:\/\/gamn.org\/sq\/wp-json\/wp\/v2\/pages"}],"about":[{"href":"https:\/\/gamn.org\/sq\/wp-json\/wp\/v2\/types\/page"}],"author":[{"embeddable":true,"href":"https:\/\/gamn.org\/sq\/wp-json\/wp\/v2\/users\/747"}],"replies":[{"embeddable":true,"href":"https:\/\/gamn.org\/sq\/wp-json\/wp\/v2\/comments?post=38140"}],"version-history":[{"count":13,"href":"https:\/\/gamn.org\/sq\/wp-json\/wp\/v2\/pages\/38140\/revisions"}],"predecessor-version":[{"id":44409,"href":"https:\/\/gamn.org\/sq\/wp-json\/wp\/v2\/pages\/38140\/revisions\/44409"}],"up":[{"embeddable":true,"href":"https:\/\/gamn.org\/sq\/wp-json\/wp\/v2\/pages\/38124"}],"wp:attachment":[{"href":"https:\/\/gamn.org\/sq\/wp-json\/wp\/v2\/media?parent=38140"}],"curies":[{"name":"wp","href":"https:\/\/api.w.org\/{rel}","templated":true}]}}