{"id":38168,"date":"2023-10-23T20:35:01","date_gmt":"2023-10-23T18:35:01","guid":{"rendered":"https:\/\/gamn.org\/per-ne\/vizija\/"},"modified":"2024-02-12T19:31:22","modified_gmt":"2024-02-12T18:31:22","slug":"vizioni","status":"publish","type":"page","link":"https:\/\/gamn.org\/sq\/o-nama\/vizioni\/","title":{"rendered":"Vizioni"},"content":{"rendered":"\t\t<div data-elementor-type=\"wp-page\" data-elementor-id=\"38168\" class=\"elementor elementor-38168 elementor-37620\" data-elementor-post-type=\"page\">\n\t\t\t\t<div class=\"elementor-element elementor-element-e395605 e-flex e-con-boxed e-con e-parent\" data-id=\"e395605\" data-element_type=\"container\" data-settings=\"{&quot;background_background&quot;:&quot;classic&quot;}\">\n\t\t\t\t\t<div class=\"e-con-inner\">\n\t\t\t\t\t<\/div>\n\t\t\t\t<\/div>\n\t\t<div class=\"elementor-element elementor-element-9807303 e-flex e-con-boxed e-con e-parent\" data-id=\"9807303\" data-element_type=\"container\">\n\t\t\t\t\t<div class=\"e-con-inner\">\n\t\t<div class=\"elementor-element elementor-element-e93dcc0 e-flex e-con-boxed e-con e-child\" data-id=\"e93dcc0\" data-element_type=\"container\">\n\t\t\t\t\t<div class=\"e-con-inner\">\n\t\t\t\t<div class=\"elementor-element elementor-element-0271b0e elementor-widget elementor-widget-text-editor\" data-id=\"0271b0e\" data-element_type=\"widget\" data-widget_type=\"text-editor.default\">\n\t\t\t\t<div class=\"elementor-widget-container\">\n\t\t\t\t\t\t\t<p>Mali i Zi \u00ebsht\u00eb nj\u00eb shoq\u00ebri civile dhe demokratike e an\u00ebtar\u00ebve t\u00eb ligjit, an\u00ebtare e Bashkimit Evropian.<br \/>Pas viteve t\u00eb luft\u00ebrave dhe shp\u00ebrb\u00ebrjes s\u00eb ish-organizat\u00ebs shtet\u00ebrore, ndryshimet tranzicionale t\u00eb administrat\u00ebs publike dhe sistemit ton\u00eb gjyq\u00ebsor jan\u00eb shoq\u00ebruar shpesh me procedura t\u00eb nd\u00ebrlikuara dhe joefikase, munges\u00eb transparence dhe llogaridh\u00ebnieje ndaj qytetar\u00ebve t\u00eb thjesht\u00eb si p\u00ebrfituesit kryesor\u00eb t\u00eb sh\u00ebrbimeve t\u00eb tyre. P\u00ebr gati nj\u00eb dekad\u00eb, aktivist\u00ebt tan\u00eb kan\u00eb mb\u00ebshtetur qytetar\u00ebt n\u00eb mbrojtjen e t\u00eb drejtave t\u00eb tyre civile dhe njer\u00ebzore, duke i ndihmuar n\u00eb tejkalimin e problemeve t\u00eb bashk\u00ebpunimit t\u00eb dob\u00ebt institucional dhe interpretimit jo t\u00eb duhur t\u00eb normave ligjore si dhe vones\u00ebs dhe munges\u00ebs s\u00eb p\u00ebrgjegj\u00ebsis\u00eb s\u00eb n\u00ebpun\u00ebsve civil\u00eb individual\u00eb.<\/p>\t\t\t\t\t\t<\/div>\n\t\t\t\t<\/div>\n\t\t\t\t<div class=\"elementor-element elementor-element-5e6cc36 elementor-widget elementor-widget-text-editor\" data-id=\"5e6cc36\" data-element_type=\"widget\" data-widget_type=\"text-editor.default\">\n\t\t\t\t<div class=\"elementor-widget-container\">\n\t\t\t\t\t\t\tMali i Zi \u00ebsht\u00eb shoq\u00ebri civile dhe demokratike e bazuar n\u00eb sundimin e ligjit. Mali i Zi po zhvillohet si shoq\u00ebri e qytetar\u00ebve aktiv\u00eb dhe t\u00eb informuar nd\u00ebrkoh\u00eb q\u00eb institucionet publike funksionojn\u00eb n\u00eb p\u00ebrputhje me rregulloret ligjore pozitive q\u00eb synojn\u00eb arritjen e interesit publik.\t\t\t\t\t\t<\/div>\n\t\t\t\t<\/div>\n\t\t\t\t\t<\/div>\n\t\t\t\t<\/div>\n\t\t<div class=\"elementor-element elementor-element-35f19ed e-flex e-con-boxed e-con e-child\" data-id=\"35f19ed\" data-element_type=\"container\">\n\t\t\t\t\t<div class=\"e-con-inner\">\n\t\t\t\t<div class=\"elementor-element elementor-element-461ecc5 elementor-widget elementor-widget-image\" data-id=\"461ecc5\" data-element_type=\"widget\" data-widget_type=\"image.default\">\n\t\t\t\t<div class=\"elementor-widget-container\">\n\t\t\t\t\t\t\t\t\t\t\t\t\t<img fetchpriority=\"high\" decoding=\"async\" width=\"800\" height=\"600\" src=\"https:\/\/gamn.org\/wp-content\/uploads\/2023\/10\/356157931_574218594881132_5975033355929394027_n-1024x768.jpg\" class=\"attachment-large size-large wp-image-37625\" alt=\"\" srcset=\"https:\/\/gamn.org\/wp-content\/uploads\/2023\/10\/356157931_574218594881132_5975033355929394027_n-1024x768.jpg 1024w, https:\/\/gamn.org\/wp-content\/uploads\/2023\/10\/356157931_574218594881132_5975033355929394027_n-300x225.jpg 300w, https:\/\/gamn.org\/wp-content\/uploads\/2023\/10\/356157931_574218594881132_5975033355929394027_n-200x150.jpg 200w, https:\/\/gamn.org\/wp-content\/uploads\/2023\/10\/356157931_574218594881132_5975033355929394027_n-768x576.jpg 768w, https:\/\/gamn.org\/wp-content\/uploads\/2023\/10\/356157931_574218594881132_5975033355929394027_n-1536x1152.jpg 1536w, https:\/\/gamn.org\/wp-content\/uploads\/2023\/10\/356157931_574218594881132_5975033355929394027_n.jpg 2048w\" sizes=\"(max-width: 800px) 100vw, 800px\" \/>\t\t\t\t\t\t\t\t\t\t\t\t\t<\/div>\n\t\t\t\t<\/div>\n\t\t\t\t\t<\/div>\n\t\t\t\t<\/div>\n\t\t\t\t\t<\/div>\n\t\t\t\t<\/div>\n\t\t\t\t<\/div>\n\t\t","protected":false},"excerpt":{"rendered":"<p>Mali i Zi \u00ebsht\u00eb nj\u00eb shoq\u00ebri civile dhe demokratike e an\u00ebtar\u00ebve t\u00eb ligjit, an\u00ebtare e Bashkimit Evropian.Pas viteve t\u00eb luft\u00ebrave dhe shp\u00ebrb\u00ebrjes s\u00eb ish-organizat\u00ebs shtet\u00ebrore, ndryshimet tranzicionale t\u00eb administrat\u00ebs publike dhe sistemit ton\u00eb gjyq\u00ebsor jan\u00eb shoq\u00ebruar shpesh me procedura t\u00eb nd\u00ebrlikuara dhe joefikase, munges\u00eb transparence dhe llogaridh\u00ebnieje ndaj qytetar\u00ebve t\u00eb thjesht\u00eb si p\u00ebrfituesit kryesor\u00eb t\u00eb [&hellip;]<\/p>\n","protected":false},"author":747,"featured_media":0,"parent":38124,"menu_order":0,"comment_status":"closed","ping_status":"closed","template":"elementor_header_footer","meta":{"footnotes":""},"acf":[],"aioseo_notices":[],"_links":{"self":[{"href":"https:\/\/gamn.org\/sq\/wp-json\/wp\/v2\/pages\/38168"}],"collection":[{"href":"https:\/\/gamn.org\/sq\/wp-json\/wp\/v2\/pages"}],"about":[{"href":"https:\/\/gamn.org\/sq\/wp-json\/wp\/v2\/types\/page"}],"author":[{"embeddable":true,"href":"https:\/\/gamn.org\/sq\/wp-json\/wp\/v2\/users\/747"}],"replies":[{"embeddable":true,"href":"https:\/\/gamn.org\/sq\/wp-json\/wp\/v2\/comments?post=38168"}],"version-history":[{"count":3,"href":"https:\/\/gamn.org\/sq\/wp-json\/wp\/v2\/pages\/38168\/revisions"}],"predecessor-version":[{"id":41243,"href":"https:\/\/gamn.org\/sq\/wp-json\/wp\/v2\/pages\/38168\/revisions\/41243"}],"up":[{"embeddable":true,"href":"https:\/\/gamn.org\/sq\/wp-json\/wp\/v2\/pages\/38124"}],"wp:attachment":[{"href":"https:\/\/gamn.org\/sq\/wp-json\/wp\/v2\/media?parent=38168"}],"curies":[{"name":"wp","href":"https:\/\/api.w.org\/{rel}","templated":true}]}}