{"id":38189,"date":"2023-10-24T18:03:30","date_gmt":"2023-10-24T16:03:30","guid":{"rendered":"https:\/\/gamn.org\/osnovna-dokumenta\/"},"modified":"2024-01-11T14:03:28","modified_gmt":"2024-01-11T13:03:28","slug":"dokumentet-baze","status":"publish","type":"page","link":"https:\/\/gamn.org\/sq\/dokumentet-baze\/","title":{"rendered":"Dokumentet baz\u00eb"},"content":{"rendered":"\t\t<div data-elementor-type=\"wp-page\" data-elementor-id=\"38189\" class=\"elementor elementor-38189 elementor-37642\" data-elementor-post-type=\"page\">\n\t\t\t\t<div class=\"elementor-element elementor-element-89fa789 e-flex e-con-boxed e-con e-parent\" data-id=\"89fa789\" data-element_type=\"container\" data-settings=\"{&quot;background_background&quot;:&quot;classic&quot;}\">\n\t\t\t\t\t<div class=\"e-con-inner\">\n\t\t\t\t\t<\/div>\n\t\t\t\t<\/div>\n\t\t<div class=\"elementor-element elementor-element-91407a9 e-flex e-con-boxed e-con e-parent\" data-id=\"91407a9\" data-element_type=\"container\">\n\t\t\t\t\t<div class=\"e-con-inner\">\n\t\t\t\t<div class=\"elementor-element elementor-element-f294264 elementor-widget elementor-widget-ucaddon_content_accordion\" data-id=\"f294264\" data-element_type=\"widget\" data-widget_type=\"ucaddon_content_accordion.default\">\n\t\t\t\t<div class=\"elementor-widget-container\">\n\t\t\t<!-- start Content Accordion -->\n\t\t<link id='font-awesome-css' href='https:\/\/gamn.org\/wp-content\/plugins\/unlimited-elements-for-elementor-premium\/assets_libraries\/font-awesome5\/css\/fontawesome-all.min.css' type='text\/css' rel='stylesheet' >\n\t\t<link id='font-awesome-4-shim-css' href='https:\/\/gamn.org\/wp-content\/plugins\/unlimited-elements-for-elementor-premium\/assets_libraries\/font-awesome5\/css\/fontawesome-v4-shims.css' type='text\/css' rel='stylesheet' >\n\n\t\t\t<style type=\"text\/css\">\/* widget: Content Accordion *\/\n\n\n\n#uc_content_accordion_elementor_f294264 *{\n  box-sizing: border-box;\n}\n\n#uc_content_accordion_elementor_f294264 .uc_ac_box\n{\n  overflow:hidden;\n}\n\n\n#uc_content_accordion_elementor_f294264 em\n{\n  font-style: normal;\n}\n\n#uc_content_accordion_elementor_f294264 .ue_heading_title\n{\n  margin:0;\n  flex-grow:1;\n}\n\n#uc_content_accordion_elementor_f294264 .uc_container .uc-heading\n{\n\tdisplay:flex;\n    align-items:center;\n\toverflow:hidden;\n\tcursor:pointer;\n  \n}\n#uc_content_accordion_elementor_f294264 .uc_container .uc_content\n{\n    display:none;\n}\n\n#uc_content_accordion_elementor_f294264 .uc_container .uc-heading span.ue_accordion_icon\n{\n\tdisplay:flex;\n    align-items:center;\n   \tjustify-content:center;\n    flex-grow:0;\n    flex-shrink:0;\n}\n#uc_content_accordion_elementor_f294264 .uc_ac_box.uc-item-active span.uc_dactive\n{\n\tdisplay:none;\n}\n#uc_content_accordion_elementor_f294264 .uc_ac_box:not(.uc-item-active) span.uc_active\n{\n\tdisplay:none;\n}\n#uc_content_accordion_elementor_f294264 span.ue_accordion_icon svg\n{\n  height:1em;\n  width:1em;\n}\n\n#uc_content_accordion_elementor_f294264 .uc_container .uc_btn {\n\n    text-align: center;\n    display: inline-block;\n    text-decoration: none;\n    transition: ease-in-out all 0.25s;\n}\n\n#uc_content_accordion_elementor_f294264 .ue-item-image img\n{\n  width:100%;\n  display:block;\n  object-fit:cover;\n}\n\n<\/style>\n\n\t\t\t<div class=\"uc_material_accordion  \"  id=\"uc_content_accordion_elementor_f294264\"  data-name=\"\" data-scroll=\"off\" data-offset=\"0\" data-closeothers=\"true\" data-set-hash=\"false\" >\n  <div class=\"uc_container uc-items-wrapper\">\n    \n\n\n<div id=\"#ue-tab1\" class=\"uc_ac_box elementor-repeater-item-92506a2 \" style=\"background-color:;\">\n  <div class=\"uc-heading uc_trigger\">\n    <span class=\"uc_dactive bbb ue_accordion_icon\"><i class='fas fa-plus'><\/i><\/span> \n    <span class=\"uc_active bbb ue_accordion_icon\"><i class='fas fa-minus'><\/i><\/span>\n    <div class=\"ue_heading_title\">Statuti<\/div>\n  <\/div>\n  \n  <div class=\"uc_content\" >\n        \n      \n         \n                      \n            <div class=\"ue-item-title\"><\/div>\n      \n              <div class=\"ue-item-text\"><ul><li><a href=\"https:\/\/gamn.org\/wp-content\/uploads\/2023\/09\/GA-Statut-2023.pdf\" target=\"_blank\" rel=\"noopener\">Statut<\/a><\/li><\/ul><\/div>\n      \n              \n      <\/div> \n<\/div>\n\n\n\n<div id=\"#ue-tab2\" class=\"uc_ac_box elementor-repeater-item-6e7f693 \" style=\"background-color:;\">\n  <div class=\"uc-heading uc_trigger\">\n    <span class=\"uc_dactive bbb ue_accordion_icon\"><i class='fas fa-plus'><\/i><\/span> \n    <span class=\"uc_active bbb ue_accordion_icon\"><i class='fas fa-minus'><\/i><\/span>\n    <div class=\"ue_heading_title\">Plan strategjik<\/div>\n  <\/div>\n  \n  <div class=\"uc_content\" >\n        \n      \n         \n                      \n            <div class=\"ue-item-title\"><\/div>\n      \n              <div class=\"ue-item-text\"><ul><li><a href=\"https:\/\/gamn.org\/wp-content\/uploads\/2023\/07\/GA-Strateski-plan-2023-2026.pdf\" target=\"_blank\" rel=\"noopener\">Strate\u0161ki plan 2023 \u2013 2026<\/a><\/li><li><a href=\"https:\/\/gamn.org\/wp-content\/uploads\/2021\/02\/GA-Strateski-plan-2021-2023.pdf\" target=\"_blank\" rel=\"noopener\">Strate\u0161ki plan 2021-2023<\/a><\/li><li><a href=\"https:\/\/gamn.org\/wp-content\/uploads\/2020\/07\/GA-Strate%C5%A1ki-plan-2019-2020.pdf\" target=\"_blank\" rel=\"noopener noreferrer\">Strate\u0161ki plan 2019-2020<\/a><\/li><li><a href=\"https:\/\/gamn.org\/images\/docs\/cg\/GA-Strateski-plan-u-programskim-oblastima-za-period-2016-2018-godine.pdf\" target=\"_blank\" rel=\"noopener noreferrer\">Strate\u0161ki plan 2016-2018<\/a><\/li><li><a href=\"https:\/\/gamn.org\/images\/docs\/cg\/GA_Strategija_2014-2016.pdf\" target=\"_blank\" rel=\"noopener noreferrer\">Strate\u0161ki plan 2014-2016<\/a><\/li><li><a href=\"https:\/\/gamn.org\/images\/docs\/cg\/memo.pdf\" target=\"_blank\" rel=\"noopener noreferrer\">Memo<\/a><\/li><\/ul><\/div>\n      \n              \n      <\/div> \n<\/div>\n\n  <\/div>\n<\/div>\n\n\n\t\t\t<!-- end Content Accordion -->\t\t<\/div>\n\t\t\t\t<\/div>\n\t\t\t\t\t<\/div>\n\t\t\t\t<\/div>\n\t\t\t\t<\/div>\n\t\t","protected":false},"excerpt":{"rendered":"<p>Statuti Statut Plan strategjik Strate\u0161ki plan 2023 \u2013 2026 Strate\u0161ki plan 2021-2023 Strate\u0161ki plan 2019-2020 Strate\u0161ki plan 2016-2018 Strate\u0161ki plan 2014-2016 Memo<\/p>\n","protected":false},"author":747,"featured_media":0,"parent":0,"menu_order":0,"comment_status":"closed","ping_status":"closed","template":"elementor_header_footer","meta":{"footnotes":""},"acf":[],"aioseo_notices":[],"_links":{"self":[{"href":"https:\/\/gamn.org\/sq\/wp-json\/wp\/v2\/pages\/38189"}],"collection":[{"href":"https:\/\/gamn.org\/sq\/wp-json\/wp\/v2\/pages"}],"about":[{"href":"https:\/\/gamn.org\/sq\/wp-json\/wp\/v2\/types\/page"}],"author":[{"embeddable":true,"href":"https:\/\/gamn.org\/sq\/wp-json\/wp\/v2\/users\/747"}],"replies":[{"embeddable":true,"href":"https:\/\/gamn.org\/sq\/wp-json\/wp\/v2\/comments?post=38189"}],"version-history":[{"count":0,"href":"https:\/\/gamn.org\/sq\/wp-json\/wp\/v2\/pages\/38189\/revisions"}],"wp:attachment":[{"href":"https:\/\/gamn.org\/sq\/wp-json\/wp\/v2\/media?parent=38189"}],"curies":[{"name":"wp","href":"https:\/\/api.w.org\/{rel}","templated":true}]}}