{"id":38227,"date":"2023-10-16T13:08:19","date_gmt":"2023-10-16T11:08:19","guid":{"rendered":"https:\/\/gamn.org\/program-ljudskih-prava-i-pravde\/"},"modified":"2024-02-09T19:57:59","modified_gmt":"2024-02-09T18:57:59","slug":"te-drejtat-e-njeriut-dhe-drejtesia","status":"publish","type":"page","link":"https:\/\/gamn.org\/sq\/te-drejtat-e-njeriut-dhe-drejtesia\/","title":{"rendered":"T\u00eb drejtat e njeriut dhe drejt\u00ebsia"},"content":{"rendered":"\t\t<div data-elementor-type=\"wp-page\" data-elementor-id=\"38227\" class=\"elementor elementor-38227 elementor-37025\" data-elementor-post-type=\"page\">\n\t\t\t\t<div class=\"elementor-element elementor-element-c9c1ee6 e-flex e-con-boxed e-con e-parent\" data-id=\"c9c1ee6\" data-element_type=\"container\" data-settings=\"{&quot;background_background&quot;:&quot;classic&quot;}\">\n\t\t\t\t\t<div class=\"e-con-inner\">\n\t\t\t\t\t<\/div>\n\t\t\t\t<\/div>\n\t\t<div class=\"elementor-element elementor-element-6e88171 e-flex e-con-boxed e-con e-parent\" data-id=\"6e88171\" data-element_type=\"container\">\n\t\t\t\t\t<div class=\"e-con-inner\">\n\t\t<div class=\"elementor-element elementor-element-cc5e04a e-flex e-con-boxed e-con e-child\" data-id=\"cc5e04a\" data-element_type=\"container\">\n\t\t\t\t\t<div class=\"e-con-inner\">\n\t\t\t\t<div class=\"elementor-element elementor-element-8546bb8 elementor-absolute elementor-widget elementor-widget-image\" data-id=\"8546bb8\" data-element_type=\"widget\" data-settings=\"{&quot;_position&quot;:&quot;absolute&quot;}\" data-widget_type=\"image.default\">\n\t\t\t\t<div class=\"elementor-widget-container\">\n\t\t\t\t\t\t\t\t\t\t\t\t\t<img fetchpriority=\"high\" decoding=\"async\" width=\"800\" height=\"534\" src=\"https:\/\/gamn.org\/wp-content\/uploads\/2023\/10\/ljudska-prava-i-pravda-gamn-1024x683.jpg\" class=\"attachment-large size-large wp-image-37031\" alt=\"\" srcset=\"https:\/\/gamn.org\/wp-content\/uploads\/2023\/10\/ljudska-prava-i-pravda-gamn-1024x683.jpg 1024w, https:\/\/gamn.org\/wp-content\/uploads\/2023\/10\/ljudska-prava-i-pravda-gamn-300x200.jpg 300w, https:\/\/gamn.org\/wp-content\/uploads\/2023\/10\/ljudska-prava-i-pravda-gamn-768x512.jpg 768w, https:\/\/gamn.org\/wp-content\/uploads\/2023\/10\/ljudska-prava-i-pravda-gamn-1536x1024.jpg 1536w, https:\/\/gamn.org\/wp-content\/uploads\/2023\/10\/ljudska-prava-i-pravda-gamn.jpg 2048w\" sizes=\"(max-width: 800px) 100vw, 800px\" \/>\t\t\t\t\t\t\t\t\t\t\t\t\t<\/div>\n\t\t\t\t<\/div>\n\t\t\t\t<div class=\"elementor-element elementor-element-62744fd elementor-widget elementor-widget-image\" data-id=\"62744fd\" data-element_type=\"widget\" data-widget_type=\"image.default\">\n\t\t\t\t<div class=\"elementor-widget-container\">\n\t\t\t\t\t\t\t\t\t\t\t\t\t<img decoding=\"async\" width=\"762\" height=\"1024\" src=\"https:\/\/gamn.org\/wp-content\/uploads\/2023\/10\/47680604_2593083050732317_4138880797119610880_n-762x1024.jpg\" class=\"attachment-large size-large wp-image-37050\" alt=\"\" srcset=\"https:\/\/gamn.org\/wp-content\/uploads\/2023\/10\/47680604_2593083050732317_4138880797119610880_n-762x1024.jpg 762w, https:\/\/gamn.org\/wp-content\/uploads\/2023\/10\/47680604_2593083050732317_4138880797119610880_n-223x300.jpg 223w, https:\/\/gamn.org\/wp-content\/uploads\/2023\/10\/47680604_2593083050732317_4138880797119610880_n-768x1032.jpg 768w, https:\/\/gamn.org\/wp-content\/uploads\/2023\/10\/47680604_2593083050732317_4138880797119610880_n-1143x1536.jpg 1143w, https:\/\/gamn.org\/wp-content\/uploads\/2023\/10\/47680604_2593083050732317_4138880797119610880_n.jpg 1488w\" sizes=\"(max-width: 762px) 100vw, 762px\" \/>\t\t\t\t\t\t\t\t\t\t\t\t\t<\/div>\n\t\t\t\t<\/div>\n\t\t\t\t\t<\/div>\n\t\t\t\t<\/div>\n\t\t<div class=\"elementor-element elementor-element-4363811 e-flex e-con-boxed e-con e-child\" data-id=\"4363811\" data-element_type=\"container\">\n\t\t\t\t\t<div class=\"e-con-inner\">\n\t\t\t\t<div class=\"elementor-element elementor-element-da220fc elementor-widget elementor-widget-text-editor\" data-id=\"da220fc\" data-element_type=\"widget\" data-widget_type=\"text-editor.default\">\n\t\t\t\t<div class=\"elementor-widget-container\">\n\t\t\t\t\t\t\t<p>Programi i <strong>t\u00eb drejtave t\u00eb njeriut dhe drejt\u00ebsia<\/strong> t\u00eb ligjit p\u00ebrqendrohet n\u00eb monitorimin e zbatimit t\u00eb masave dhe aktiviteteve t\u00eb parashikuara n\u00eb kapitujt 23 dhe 24, si\u00e7 jan\u00eb, nd\u00ebr t\u00eb tjera, p\u00ebrballimi me t\u00eb kaluar\u00ebn, problemet e tortur\u00ebs dhe diskriminimit, dhun\u00ebs s\u00eb motivuar politikisht, liris\u00eb s\u00eb fjal\u00ebs, liris\u00eb fetare, t\u00eb drejtave t\u00eb minoriteteve, statusi i personave t\u00eb zhvendosur, t\u00eb drejtat ekonomike dhe sociale.Ky program i AQ p\u00ebrfshin monitorimin e cil\u00ebsis\u00eb s\u00eb zbatimit t\u00eb ligjit, si dhe monitorimin, hetimin dhe dokumentimin e shkeljeve t\u00eb t\u00eb drejtave t\u00eb njeriut, p\u00ebrpunimin dhe p\u00ebrfaq\u00ebsimin e viktimave para gjykatave kompetente dhe autoriteteve shtet\u00ebrore.<\/p><p>P\u00ebrmes k\u00ebtij programi ne kryejm\u00eb kontrollin e gjykatave, prokuroris\u00eb, administrat\u00ebs s\u00eb policis\u00eb, ZIKS dhe institucioneve t\u00eb tjera shtet\u00ebrore, dhe ne punojm\u00eb n\u00eb edukimin e vendimmarr\u00ebsve dhe lider\u00ebve. AQ insiston n\u00eb nj\u00eb sistem gjyq\u00ebsor profesional, t\u00eb p\u00ebrgjegjsh\u00ebm dhe efikas, si dhe n\u00eb cil\u00ebsin\u00eb e pun\u00ebs s\u00eb sh\u00ebrbimit shtet\u00ebror.<\/p><p>AQ beson se sundimi i ligjit nuk \u00ebsht\u00eb vet\u00ebm nj\u00eb aplikim formal i t\u00eb drejtave, por edhe sundimi i t\u00eb drejt\u00ebs dhe mbrojtja e t\u00eb drejtave t\u00eb t\u00eb gjith\u00eb qytetar\u00ebve nga fuqia d\u00ebrrmuese e autoriteteve dhe mungesa e efikasitetit t\u00eb sistemit.<\/p>\t\t\t\t\t\t<\/div>\n\t\t\t\t<\/div>\n\t\t\t\t<div class=\"elementor-element elementor-element-b06f447 elementor-widget elementor-widget-heading\" data-id=\"b06f447\" data-element_type=\"widget\" data-widget_type=\"heading.default\">\n\t\t\t\t<div class=\"elementor-widget-container\">\n\t\t\t<h2 class=\"elementor-heading-title elementor-size-default\">Nj\u00eb synim specifik i AQ \u00ebsht\u00eb gjithashtu edhe mb\u00ebshtetja e organizatave tjera me nj\u00eb mision t\u00eb ngjash\u00ebm.\n\n\n<\/h2>\t\t<\/div>\n\t\t\t\t<\/div>\n\t\t\t\t\t<\/div>\n\t\t\t\t<\/div>\n\t\t\t\t\t<\/div>\n\t\t\t\t<\/div>\n\t\t\t\t<\/div>\n\t\t","protected":false},"excerpt":{"rendered":"<p>Programi i t\u00eb drejtave t\u00eb njeriut dhe drejt\u00ebsia t\u00eb ligjit p\u00ebrqendrohet n\u00eb monitorimin e zbatimit t\u00eb masave dhe aktiviteteve t\u00eb parashikuara n\u00eb kapitujt 23 dhe 24, si\u00e7 jan\u00eb, nd\u00ebr t\u00eb tjera, p\u00ebrballimi me t\u00eb kaluar\u00ebn, problemet e tortur\u00ebs dhe diskriminimit, dhun\u00ebs s\u00eb motivuar politikisht, liris\u00eb s\u00eb fjal\u00ebs, liris\u00eb fetare, t\u00eb drejtave t\u00eb minoriteteve, statusi i [&hellip;]<\/p>\n","protected":false},"author":747,"featured_media":0,"parent":0,"menu_order":0,"comment_status":"closed","ping_status":"closed","template":"elementor_header_footer","meta":{"footnotes":""},"acf":[],"aioseo_notices":[],"_links":{"self":[{"href":"https:\/\/gamn.org\/sq\/wp-json\/wp\/v2\/pages\/38227"}],"collection":[{"href":"https:\/\/gamn.org\/sq\/wp-json\/wp\/v2\/pages"}],"about":[{"href":"https:\/\/gamn.org\/sq\/wp-json\/wp\/v2\/types\/page"}],"author":[{"embeddable":true,"href":"https:\/\/gamn.org\/sq\/wp-json\/wp\/v2\/users\/747"}],"replies":[{"embeddable":true,"href":"https:\/\/gamn.org\/sq\/wp-json\/wp\/v2\/comments?post=38227"}],"version-history":[{"count":6,"href":"https:\/\/gamn.org\/sq\/wp-json\/wp\/v2\/pages\/38227\/revisions"}],"predecessor-version":[{"id":40960,"href":"https:\/\/gamn.org\/sq\/wp-json\/wp\/v2\/pages\/38227\/revisions\/40960"}],"wp:attachment":[{"href":"https:\/\/gamn.org\/sq\/wp-json\/wp\/v2\/media?parent=38227"}],"curies":[{"name":"wp","href":"https:\/\/api.w.org\/{rel}","templated":true}]}}