{"id":38258,"date":"2023-10-10T16:28:06","date_gmt":"2023-10-10T14:28:06","guid":{"rendered":"https:\/\/gamn.org\/podgorica-better-air-3\/"},"modified":"2024-01-11T15:22:12","modified_gmt":"2024-01-11T14:22:12","slug":"podgorica-better-air","status":"publish","type":"page","link":"https:\/\/gamn.org\/sq\/podgorica-better-air\/","title":{"rendered":"Podgorica Better Air"},"content":{"rendered":"\t\t<div data-elementor-type=\"wp-page\" data-elementor-id=\"38258\" class=\"elementor elementor-38258 elementor-36382\" data-elementor-post-type=\"page\">\n\t\t\t\t<div class=\"elementor-element elementor-element-00e5d85 e-flex e-con-boxed e-con e-parent\" data-id=\"00e5d85\" data-element_type=\"container\" data-settings=\"{&quot;background_background&quot;:&quot;classic&quot;}\">\n\t\t\t\t\t<div class=\"e-con-inner\">\n\t\t\t\t\t<\/div>\n\t\t\t\t<\/div>\n\t\t<div class=\"elementor-element elementor-element-863525c e-flex e-con-boxed e-con e-parent\" data-id=\"863525c\" data-element_type=\"container\">\n\t\t\t\t\t<div class=\"e-con-inner\">\n\t\t\t\t<div class=\"elementor-element elementor-element-e919b78 elementor-widget elementor-widget-ucaddon_post_grid\" data-id=\"e919b78\" data-element_type=\"widget\" data-widget_type=\"ucaddon_post_grid.default\">\n\t\t\t\t<div class=\"elementor-widget-container\">\n\t\t\t<!-- start Post Grid -->\n\t\t<link id='font-awesome-css' href='https:\/\/gamn.org\/wp-content\/plugins\/unlimited-elements-for-elementor-premium\/assets_libraries\/font-awesome5\/css\/fontawesome-all.min.css' type='text\/css' rel='stylesheet' >\n\t\t<link id='font-awesome-4-shim-css' href='https:\/\/gamn.org\/wp-content\/plugins\/unlimited-elements-for-elementor-premium\/assets_libraries\/font-awesome5\/css\/fontawesome-v4-shims.css' type='text\/css' rel='stylesheet' >\n\n\t\t\t<style type=\"text\/css\">\/* widget: Post Grid *\/\n\n\n\n#uc_post_grid_elementor_e919b78.uc_post_grid_style_one .uc_post_grid_style_one_wrap {\n   display:grid;\n}\n\n\n#uc_post_grid_elementor_e919b78 .uc_post_grid_style_one_item\n{\n  position:relative;\n}\n\n#uc_post_grid_elementor_e919b78 .uc_post_image\n{\n  transition:0.3s;\n  position:relative;\n  overflow:hidden;\n}\n\n#uc_post_grid_elementor_e919b78 .uc_post_image img\n{\n  width:100%;\n  display:block;\n  transition:0.3s;\n}\n\n\n\t\n\n\n\n\n\n\n#uc_post_grid_elementor_e919b78 .uc_post_image_overlay\n{\n  position:absolute;\n  top:0px;\n  left:0px;\n  height:100%;\n  width:100%;\n  transition:0.3s;\n}\n\n#uc_post_grid_elementor_e919b78 .uc_more_btn{\n\n  display:inline-block;\n  text-align:center;\n  text-decoration:none;\n  transition:0.3s;\n}\n\n.ue-grid-item-category a\n{\n  display:inline-block;\n  font-size:10px;\n  \n}\n\n.uc_post_title\n{\n  font-size:21px;\n}\n\n\n#uc_post_grid_elementor_e919b78 .ue_post_grid_item\n{\n  display:flex;\n  flex-direction:column;\n}\n\n#uc_post_grid_elementor_e919b78.uc_post_grid_style_one .uc_content{\n flex-grow:1;\n}\n\n#uc_post_grid_elementor_e919b78.uc_post_grid_style_one .uc_content > div\n{\n  height:100%;\n  display:flex;\n  flex-direction:column;\n}\n\n#uc_post_grid_elementor_e919b78 .uc_post_button\n{\n  margin-top:auto;\n}\n\n\n\n\n\n\n\n\n\n\n\n\n\n\n\n\n\n\n\n\n\n\n\n\n#uc_post_grid_elementor_e919b78 .ue-meta-data\n{\n  \n  display:flex;\n\n  flex-wrap: wrap;\n  line-height:1em;\n}\n\n#uc_post_grid_elementor_e919b78 .ue-grid-item-meta-data\n{\n      display:inline-flex;\n      align-items:center;\n}\n\n#uc_post_grid_elementor_e919b78 .ue-grid-item-meta-data a{\n  color:inherit;\n}\n\n.ue-grid-item-meta-data\n{\n  font-size:12px;\n}\n\n#uc_post_grid_elementor_e919b78 .ue-grid-item-meta-data-icon\n{\n  line-height:1em;\n}\n\n#uc_post_grid_elementor_e919b78 .ue-grid-item-meta-data-icon svg\n{\n  width:1em;\n  height:1em;\n}\n\n#uc_post_grid_elementor_e919b78 .ue-debug-meta\n{\n  padding:10px;\n  border:1px solid red;\n  position:relative;\n  line-height:1.5em;\n  font-size:11px;\n  width:100%;\n}\n\n#uc_post_grid_elementor_e919b78 .uc_btn_inner\n{\n  display:inline-flex;\n  align-items:center;\n}\n\n#uc_post_grid_elementor_e919b78 .uc_btn_inner svg\n{\n  width:1em;\n  height:1em;\n}\n\n\n\n\n<\/style>\n\n\t\t\t<div class=\"uc_post_grid_style_one \" id=\"uc_post_grid_elementor_e919b78\"  >\n\t\t<div class=\"uc_post_grid_style_one_wrap ue_post_grid uc-items-wrapper\">\n\t\t\t<div id=\"uc_post_grid_elementor_e919b78_item1\" class=\"uc_post_grid_style_one_item ue_post_grid_item ue-item \">\n  \n      <a class=\"uc_post_grid_style_one_image \" href='https:\/\/gamn.org\/sq\/vijest\/' target=\"_self\">\n     <div class=\"uc_post_image\">\n     <img decoding=\"async\" src=\"https:\/\/gamn.org\/wp-content\/uploads\/ac_assets\/uc_post_grid_style_one\/no-image.png\" >\n     <div class=\"uc_post_image_overlay\"><\/div>\n     <\/div>\n    <\/a>\n   \n  <div class=\"uc_content\">\n    <div>\n      \n             \n    \t        \t\t\t      \t\t\t\t<div class=\"uc_post_title\"><a class=\"\" href='https:\/\/gamn.org\/sq\/vijest\/' target=\"_self\"><div class=\"ue_p_title\">Vijest<\/div><\/a><\/div>\n      \t\t\t          \t\n\t\t  \n      \t  <div class=\"ue-meta-data\">\n            <div class=\"ue-grid-item-meta-data\"><span class=\"ue-grid-item-meta-data-icon\"><i class='fas fa-calendar-week'><\/i><\/span>  14. Dhjetor 2021.<\/div>            \n                        \n        \n\t\t\t\n                        \n                        \n                        \n                        \n            \t\t\t\n              \n            \n          <\/div>\n     \n     <div class=\"uc_post_text\">Danas \u0107e se odr\u017eati prvi doga\u0111aj koji se organizuje u okviru projekta CODE EUROPE, a koji se odr\u017eava...<\/div>          <div class=\"uc_post_button\">\n        <a class=\"uc_more_btn \" href=\"https:\/\/gamn.org\/sq\/vijest\/\" target=\"_self\" href='https:\/\/gamn.org\/sq\/vijest\/'>\n          <div class=\"uc_btn_inner\">\n            <div class=\"uc_btn_txt\">Lexo m\u00eb shum\u00eb<\/div>\n            <div class=\"uc_btn_icon\"><i class='fas fa-external-link-alt'><\/i><\/div>          <\/div>\n      <\/a>\n      <\/div> \t<\/div>\n  <\/div>\n<\/div>\n\n\t\t<\/div>\n\t<\/div>\n\n\n\n  <div id=\"uc_post_grid_elementor_e919b78_empty_message\" class=\"ue-no-posts-found\"  style=\"display:none\" >No posts found<\/div>\n\n\n\t\t\t<!-- end Post Grid -->\t\t<\/div>\n\t\t\t\t<\/div>\n\t\t\t\t<div class=\"elementor-element elementor-element-dbad976 elementor-widget elementor-widget-ucaddon_archive_pagination\" data-id=\"dbad976\" data-element_type=\"widget\" data-widget_type=\"ucaddon_archive_pagination.default\">\n\t\t\t\t<div class=\"elementor-widget-container\">\n\t\t\t<!-- start Post Pagination -->\n\n\t\t\t<style type=\"text\/css\">\/* widget: Post Pagination *\/\n\n#uc_archive_pagination_elementor_dbad976 nav\n{\n  padding:0px;\n  margin:0px;\n}\n\n#uc_archive_pagination_elementor_dbad976 \n{\n  display:flex;\n  flex-wrap: wrap;\n  justify-content:center;\n}\n\n#uc_archive_pagination_elementor_dbad976 .nav-links\n{\n  display:flex;\n  justify-content:center;\n}\n\n#uc_archive_pagination_elementor_dbad976 .nav-links > *\n{\n}\n\n#uc_archive_pagination_elementor_dbad976 .page-numbers\n{\n  display:flex;\n  \n  align-items:center;\n  justify-content:center;\n  transition:0.3s;\n  line-height:1em;\n}\n\n\n#uc_archive_pagination_elementor_dbad976 a.page-numbers, #uc_archive_pagination_elementor_dbad976 .dots\n{\n  color:#000000;\n  background-color:;\n}\n\n#uc_archive_pagination_elementor_dbad976 a.page-numbers:hover\n{\n  color:#1A3383;\n  background-color:#eeeeee;\n}\n\n#uc_archive_pagination_elementor_dbad976 .page-numbers.current,\n#uc_archive_pagination_elementor_dbad976 .page-numbers.current:hover\n{\n  background-color:#992D68;\n  color:#ffffff;\n}\n\n\n#uc_archive_pagination_elementor_dbad976 .page-numbers.prev, #uc_archive_pagination_elementor_dbad976 .page-numbers.next\n{\n  padding-left:15px;\n  padding-right:15px;\n}\n\n\n\n#uc_archive_pagination_elementor_dbad976 .prev:before {\n   font-family: \"Font Awesome 5 Free\";\n   content: \"\\f053\";\n   display: inline-block;\n   vertical-align: middle;\n   font-weight: 900;\n   padding-right:10px;}\n\n#uc_archive_pagination_elementor_dbad976 .next:after {\n   font-family: \"Font Awesome 5 Free\";\n   content: \"\\f054\";\n   display: inline-block;\n   vertical-align: middle;\n   font-weight: 900;\n   padding-left:10px;}\n\n#uc_archive_pagination_elementor_dbad976.uc-ajax-loading{\n\topacity:1 !important;\n}\n\n#uc_archive_pagination_elementor_dbad976.uc-ajax-loading .current{\n\tposition:relative;\n    overflow:hidden;\n}\n\n\n#uc_archive_pagination_elementor_dbad976.uc-ajax-loading .current:before{\n  content: \"\";\n  display:block;\n  width:100%;\n  height:100%;\n  box-sizing:border-box;\n  position:absolute;\n  top:0px;\n  left:0px;\n  background-color: #c2c2c2;\n  animation: uc-spinning-border 0.5s linear infinite;\n  opacity:50%;\n  border-radius:inherit;\n}\n\n@keyframes uc-spinning-border {\n\t0%{transform: scale(0);}\n\t100%{transform: scale(1); }\t\n}\n\n\n\n<\/style>\n\n\t\t\t<div id=\"uc_archive_pagination_elementor_dbad976\" class=\"archive_pagination uc-filter-pagination\">\n\n<\/div>\n\t\t\t<!-- end Post Pagination -->\t\t<\/div>\n\t\t\t\t<\/div>\n\t\t\t\t\t<\/div>\n\t\t\t\t<\/div>\n\t\t\t\t<\/div>\n\t\t","protected":false},"excerpt":{"rendered":"<p>PROJECT DIGIDEM &#8211; DIGITAL DEMOCRATIC EMPOWERMENT AND MOBILIZATION FOR A STRONGER EU 5. May 2023. DigiDEM EU is a project that Civic Alliance implements with several other organizations from Europe,&#8230; Lexo m\u00eb shum\u00eb ORGANIZOVANI DOGA\u0110AJI U OKVIRU PROJEKTA DIGIDEM 3. May 2023. Ovdje mo\u017eete prona\u0107i sve doga\u0111aje koji su organizovani u sklopu implementacije projekta DigiDEM, [&hellip;]<\/p>\n","protected":false},"author":747,"featured_media":0,"parent":0,"menu_order":0,"comment_status":"closed","ping_status":"closed","template":"elementor_header_footer","meta":{"footnotes":""},"acf":[],"aioseo_notices":[],"_links":{"self":[{"href":"https:\/\/gamn.org\/sq\/wp-json\/wp\/v2\/pages\/38258"}],"collection":[{"href":"https:\/\/gamn.org\/sq\/wp-json\/wp\/v2\/pages"}],"about":[{"href":"https:\/\/gamn.org\/sq\/wp-json\/wp\/v2\/types\/page"}],"author":[{"embeddable":true,"href":"https:\/\/gamn.org\/sq\/wp-json\/wp\/v2\/users\/747"}],"replies":[{"embeddable":true,"href":"https:\/\/gamn.org\/sq\/wp-json\/wp\/v2\/comments?post=38258"}],"version-history":[{"count":0,"href":"https:\/\/gamn.org\/sq\/wp-json\/wp\/v2\/pages\/38258\/revisions"}],"wp:attachment":[{"href":"https:\/\/gamn.org\/sq\/wp-json\/wp\/v2\/media?parent=38258"}],"curies":[{"name":"wp","href":"https:\/\/api.w.org\/{rel}","templated":true}]}}