{"id":38388,"date":"2023-10-10T16:35:18","date_gmt":"2023-10-10T14:35:18","guid":{"rendered":"https:\/\/gamn.org\/sps\/"},"modified":"2024-01-12T13:03:41","modified_gmt":"2024-01-12T12:03:41","slug":"sps","status":"publish","type":"page","link":"https:\/\/gamn.org\/sq\/sps\/","title":{"rendered":"\u0160PS"},"content":{"rendered":"\t\t<div data-elementor-type=\"wp-page\" data-elementor-id=\"38388\" class=\"elementor elementor-38388 elementor-36396\" data-elementor-post-type=\"page\">\n\t\t\t\t<div class=\"elementor-element elementor-element-202f29b e-flex e-con-boxed e-con e-parent\" data-id=\"202f29b\" data-element_type=\"container\" data-settings=\"{&quot;background_background&quot;:&quot;classic&quot;}\">\n\t\t\t\t\t<div class=\"e-con-inner\">\n\t\t\t\t\t<\/div>\n\t\t\t\t<\/div>\n\t\t<div class=\"elementor-element elementor-element-910e54e e-flex e-con-boxed e-con e-parent\" data-id=\"910e54e\" data-element_type=\"container\">\n\t\t\t\t\t<div class=\"e-con-inner\">\n\t\t\t\t<div class=\"elementor-element elementor-element-63613d9 elementor-widget elementor-widget-image\" data-id=\"63613d9\" data-element_type=\"widget\" data-widget_type=\"image.default\">\n\t\t\t\t<div class=\"elementor-widget-container\">\n\t\t\t\t\t\t\t\t\t\t\t\t\t<img fetchpriority=\"high\" decoding=\"async\" width=\"402\" height=\"212\" src=\"https:\/\/gamn.org\/wp-content\/uploads\/2024\/01\/SPS-vektorski-al-plava-slova-1.png\" class=\"attachment-large size-large wp-image-38393\" alt=\"\" srcset=\"https:\/\/gamn.org\/wp-content\/uploads\/2024\/01\/SPS-vektorski-al-plava-slova-1.png 402w, https:\/\/gamn.org\/wp-content\/uploads\/2024\/01\/SPS-vektorski-al-plava-slova-1-300x158.png 300w\" sizes=\"(max-width: 402px) 100vw, 402px\" \/>\t\t\t\t\t\t\t\t\t\t\t\t\t<\/div>\n\t\t\t\t<\/div>\n\t\t\t\t<div class=\"elementor-element elementor-element-a30509e elementor-widget elementor-widget-text-editor\" data-id=\"a30509e\" data-element_type=\"widget\" data-widget_type=\"text-editor.default\">\n\t\t\t\t<div class=\"elementor-widget-container\">\n\t\t\t\t\t\t\t<p>Programi i Qeverisjes s\u00eb Mir\u00eb p\u00ebrfshin Shkolla e studimeve politike (<a href=\"http:\/\/sps.gamn.org\">sps.gamn.org<\/a>) dhe pjes\u00ebmarrjen qytetare duke insistuar n\u00eb nj\u00eb administrat\u00eb transparente dhe t\u00eb p\u00ebrgjegjshme. Misioni i Shkolla e studimeve politike \u00ebsht\u00eb edukimi shtes\u00eb i vendimmarr\u00ebsve aktiv\u00eb dhe t\u00eb ardhsh\u00ebm, mbajt\u00ebsit e njohur t\u00eb ndryshimeve shoq\u00ebrore dhe lider\u00ebt e opinionit, iniciator\u00ebve potencial\u00eb dhe ekzekutiv t\u00eb proceseve dhe reformave pozitive sociale. P\u00ebrve\u00e7 arsimit, ky program e sheh si detyr\u00eb par\u00ebsore edhe forcimin e vet\u00ebdijes qytetare, informimit dhe fuqizimit t\u00eb qytetar\u00ebve, si dhe ofrimin e mb\u00ebshtetjes p\u00ebr nismat qytetare dhe organizatat q\u00eb ndajn\u00eb t\u00eb nj\u00ebjtat vlera.<\/p>\t\t\t\t\t\t<\/div>\n\t\t\t\t<\/div>\n\t\t\t\t<div class=\"elementor-element elementor-element-4a0cf0b elementor-widget elementor-widget-text-editor\" data-id=\"4a0cf0b\" data-element_type=\"widget\" data-widget_type=\"text-editor.default\">\n\t\t\t\t<div class=\"elementor-widget-container\">\n\t\t\t\t\t\t\tShkolla e Studimeve Politike \u00ebsht\u00eb nj\u00eb projekt p\u00ebr edukimin shtes\u00eb t\u00eb drejtuesve t\u00eb t\u00eb gjith\u00eb sektor\u00ebve t\u00eb shoq\u00ebris\u00eb, p\u00ebr pjes\u00ebmarrje aktive n\u00eb jet\u00ebn publike, duke respektuar vlerat e demokracis\u00eb, toleranc\u00ebs, t\u00eb drejtave t\u00eb njeriut dhe dialogut t\u00eb arsyetuar. \t\t\t\t\t\t<\/div>\n\t\t\t\t<\/div>\n\t\t\t\t<div class=\"elementor-element elementor-element-8d086a2 elementor-pagination-position-outside elementor-widget elementor-widget-image-carousel\" data-id=\"8d086a2\" data-element_type=\"widget\" data-settings=\"{&quot;slides_to_show&quot;:&quot;2&quot;,&quot;navigation&quot;:&quot;dots&quot;,&quot;autoplay&quot;:&quot;no&quot;,&quot;image_spacing_custom&quot;:{&quot;unit&quot;:&quot;px&quot;,&quot;size&quot;:10,&quot;sizes&quot;:[]},&quot;infinite&quot;:&quot;yes&quot;,&quot;speed&quot;:500,&quot;image_spacing_custom_laptop&quot;:{&quot;unit&quot;:&quot;px&quot;,&quot;size&quot;:&quot;&quot;,&quot;sizes&quot;:[]},&quot;image_spacing_custom_tablet&quot;:{&quot;unit&quot;:&quot;px&quot;,&quot;size&quot;:&quot;&quot;,&quot;sizes&quot;:[]},&quot;image_spacing_custom_mobile&quot;:{&quot;unit&quot;:&quot;px&quot;,&quot;size&quot;:&quot;&quot;,&quot;sizes&quot;:[]}}\" data-widget_type=\"image-carousel.default\">\n\t\t\t\t<div class=\"elementor-widget-container\">\n\t\t\t\t\t<div class=\"elementor-image-carousel-wrapper swiper\" dir=\"ltr\">\n\t\t\t<div class=\"elementor-image-carousel swiper-wrapper\" aria-live=\"polite\">\n\t\t\t\t\t\t\t\t<div class=\"swiper-slide\" role=\"group\" aria-roledescription=\"slide\" aria-label=\"1 of 3\"><a data-elementor-open-lightbox=\"yes\" data-elementor-lightbox-slideshow=\"8d086a2\" data-e-action-hash=\"#elementor-action%3Aaction%3Dlightbox%26settings%3DeyJpZCI6MzcyOTIsInVybCI6Imh0dHBzOlwvXC9nYW1uLm9yZ1wvd3AtY29udGVudFwvdXBsb2Fkc1wvMjAyM1wvMTBcL3Nrb2xhLXBvbGl0aWNraWgtc3R1ZGlqYS0xLnBuZyIsInNsaWRlc2hvdyI6IjhkMDg2YTIifQ%3D%3D\" href=\"https:\/\/gamn.org\/wp-content\/uploads\/2023\/10\/skola-politickih-studija-1.png\"><figure class=\"swiper-slide-inner\"><img decoding=\"async\" class=\"swiper-slide-image\" src=\"https:\/\/gamn.org\/wp-content\/uploads\/2023\/10\/skola-politickih-studija-1-1024x576.png\" alt=\"\" \/><\/figure><\/a><\/div><div class=\"swiper-slide\" role=\"group\" aria-roledescription=\"slide\" aria-label=\"2 of 3\"><a data-elementor-open-lightbox=\"yes\" data-elementor-lightbox-slideshow=\"8d086a2\" data-e-action-hash=\"#elementor-action%3Aaction%3Dlightbox%26settings%3DeyJpZCI6MzczMDgsInVybCI6Imh0dHBzOlwvXC9nYW1uLm9yZ1wvd3AtY29udGVudFwvdXBsb2Fkc1wvMjAyM1wvMTBcL3Nrb2xhLXBvbGl0aWNraWgtc3R1ZGlqYS0zLTEuanBnIiwic2xpZGVzaG93IjoiOGQwODZhMiJ9\" href=\"https:\/\/gamn.org\/wp-content\/uploads\/2023\/10\/skola-politickih-studija-3-1.jpg\"><figure class=\"swiper-slide-inner\"><img decoding=\"async\" class=\"swiper-slide-image\" src=\"https:\/\/gamn.org\/wp-content\/uploads\/2023\/10\/skola-politickih-studija-3-1-1024x576.jpg\" alt=\"\" \/><\/figure><\/a><\/div><div class=\"swiper-slide\" role=\"group\" aria-roledescription=\"slide\" aria-label=\"3 of 3\"><a data-elementor-open-lightbox=\"yes\" data-elementor-lightbox-slideshow=\"8d086a2\" data-e-action-hash=\"#elementor-action%3Aaction%3Dlightbox%26settings%3DeyJpZCI6MzczMDUsInVybCI6Imh0dHBzOlwvXC9nYW1uLm9yZ1wvd3AtY29udGVudFwvdXBsb2Fkc1wvMjAyM1wvMTBcL3Nrb2xhLXBvbGl0aWNraWgtc3R1ZGlqYS0yLTEuanBnIiwic2xpZGVzaG93IjoiOGQwODZhMiJ9\" href=\"https:\/\/gamn.org\/wp-content\/uploads\/2023\/10\/skola-politickih-studija-2-1.jpg\"><figure class=\"swiper-slide-inner\"><img decoding=\"async\" class=\"swiper-slide-image\" src=\"https:\/\/gamn.org\/wp-content\/uploads\/2023\/10\/skola-politickih-studija-2-1-1024x576.jpg\" alt=\"\" \/><\/figure><\/a><\/div>\t\t\t<\/div>\n\t\t\t\t\t\t\t\n\t\t\t\t\t\t\t\t\t<div class=\"swiper-pagination\"><\/div>\n\t\t\t\t\t\t\t\t\t<\/div>\n\t\t\t\t<\/div>\n\t\t\t\t<\/div>\n\t\t\t\t\t<\/div>\n\t\t\t\t<\/div>\n\t\t\t\t<\/div>\n\t\t","protected":false},"excerpt":{"rendered":"<p>Programi i Qeverisjes s\u00eb Mir\u00eb p\u00ebrfshin Shkolla e studimeve politike (sps.gamn.org) dhe pjes\u00ebmarrjen qytetare duke insistuar n\u00eb nj\u00eb administrat\u00eb transparente dhe t\u00eb p\u00ebrgjegjshme. Misioni i Shkolla e studimeve politike \u00ebsht\u00eb edukimi shtes\u00eb i vendimmarr\u00ebsve aktiv\u00eb dhe t\u00eb ardhsh\u00ebm, mbajt\u00ebsit e njohur t\u00eb ndryshimeve shoq\u00ebrore dhe lider\u00ebt e opinionit, iniciator\u00ebve potencial\u00eb dhe ekzekutiv t\u00eb proceseve dhe [&hellip;]<\/p>\n","protected":false},"author":747,"featured_media":0,"parent":0,"menu_order":0,"comment_status":"closed","ping_status":"closed","template":"elementor_header_footer","meta":{"footnotes":""},"acf":[],"aioseo_notices":[],"_links":{"self":[{"href":"https:\/\/gamn.org\/sq\/wp-json\/wp\/v2\/pages\/38388"}],"collection":[{"href":"https:\/\/gamn.org\/sq\/wp-json\/wp\/v2\/pages"}],"about":[{"href":"https:\/\/gamn.org\/sq\/wp-json\/wp\/v2\/types\/page"}],"author":[{"embeddable":true,"href":"https:\/\/gamn.org\/sq\/wp-json\/wp\/v2\/users\/747"}],"replies":[{"embeddable":true,"href":"https:\/\/gamn.org\/sq\/wp-json\/wp\/v2\/comments?post=38388"}],"version-history":[{"count":0,"href":"https:\/\/gamn.org\/sq\/wp-json\/wp\/v2\/pages\/38388\/revisions"}],"wp:attachment":[{"href":"https:\/\/gamn.org\/sq\/wp-json\/wp\/v2\/media?parent=38388"}],"curies":[{"name":"wp","href":"https:\/\/api.w.org\/{rel}","templated":true}]}}