{"id":38424,"date":"2024-01-12T11:27:31","date_gmt":"2024-01-12T10:27:31","guid":{"rendered":"https:\/\/gamn.org\/podrzi-gradansku-alijansu\/"},"modified":"2024-01-12T13:13:12","modified_gmt":"2024-01-12T12:13:12","slug":"mbeshtetje-aleanca-qytetare","status":"publish","type":"page","link":"https:\/\/gamn.org\/sq\/mbeshtetje-aleanca-qytetare\/","title":{"rendered":"Mb\u00ebshtetje Aleanca qytetare"},"content":{"rendered":"\t\t<div data-elementor-type=\"wp-page\" data-elementor-id=\"38424\" class=\"elementor elementor-38424 elementor-38268\" data-elementor-post-type=\"page\">\n\t\t\t\t<div class=\"elementor-element elementor-element-e7c5ccb e-flex e-con-boxed e-con e-parent\" data-id=\"e7c5ccb\" data-element_type=\"container\" data-settings=\"{&quot;background_background&quot;:&quot;classic&quot;}\">\n\t\t\t\t\t<div class=\"e-con-inner\">\n\t\t\t\t\t<\/div>\n\t\t\t\t<\/div>\n\t\t<div class=\"elementor-element elementor-element-acd5604 e-flex e-con-boxed e-con e-parent\" data-id=\"acd5604\" data-element_type=\"container\" data-settings=\"{&quot;background_background&quot;:&quot;classic&quot;}\">\n\t\t\t\t\t<div class=\"e-con-inner\">\n\t\t\t\t<div class=\"elementor-element elementor-element-dd6f773 elementor-position-left elementor-vertical-align-middle elementor-mobile-position-left elementor-view-default elementor-widget elementor-widget-icon-box\" data-id=\"dd6f773\" data-element_type=\"widget\" data-widget_type=\"icon-box.default\">\n\t\t\t\t<div class=\"elementor-widget-container\">\n\t\t\t\t\t<div class=\"elementor-icon-box-wrapper\">\n\n\t\t\t\t\t\t<div class=\"elementor-icon-box-icon\">\n\t\t\t\t<span  class=\"elementor-icon elementor-animation-\">\n\t\t\t\t<svg xmlns=\"http:\/\/www.w3.org\/2000\/svg\" xmlns:xlink=\"http:\/\/www.w3.org\/1999\/xlink\" width=\"512\" height=\"512\" x=\"0\" y=\"0\" viewBox=\"0 0 512 512\" style=\"enable-background:new 0 0 512 512\" xml:space=\"preserve\" class=\"\"><g><path d=\"M512 346.5c0-63.535-36.45-120.238-91.04-147.82-1.694 121.82-100.46 220.586-222.28 222.28C226.262 475.55 282.965 512 346.5 512c29.79 0 58.758-7.934 84.21-23.008l80.567 22.285-22.285-80.566C504.066 405.258 512 376.289 512 346.5zm0 0\" fill=\"#1a3383\" opacity=\"1\" data-original=\"#000000\" class=\"\"><\/path><path d=\"M391 195.5C391 87.7 303.3 0 195.5 0S0 87.7 0 195.5c0 35.133 9.352 69.34 27.11 99.371L.718 390.277l95.41-26.386C126.16 381.648 160.367 391 195.5 391 303.3 391 391 303.3 391 195.5zM165.5 150h-30c0-33.086 26.914-60 60-60s60 26.914 60 60c0 16.793-7.11 32.934-19.512 44.277L210.5 217.605V241h-30v-36.605l35.234-32.25c6.297-5.762 9.766-13.625 9.766-22.145 0-16.543-13.457-30-30-30s-30 13.457-30 30zm15 121h30v30h-30zm0 0\" fill=\"#1a3383\" opacity=\"1\" data-original=\"#000000\" class=\"\"><\/path><\/g><\/svg>\t\t\t\t<\/span>\n\t\t\t<\/div>\n\t\t\t\n\t\t\t\t\t\t<div class=\"elementor-icon-box-content\">\n\n\t\t\t\t\t\t\t\t\t<h3 class=\"elementor-icon-box-title\">\n\t\t\t\t\t\t<span  >\n\t\t\t\t\t\t\tJepni nj\u00eb kontribut\t\t\t\t\t\t<\/span>\n\t\t\t\t\t<\/h3>\n\t\t\t\t\n\t\t\t\t\n\t\t\t<\/div>\n\t\t\t\n\t\t<\/div>\n\t\t\t\t<\/div>\n\t\t\t\t<\/div>\n\t\t\t\t<div class=\"elementor-element elementor-element-7295596 elementor-widget elementor-widget-text-editor\" data-id=\"7295596\" data-element_type=\"widget\" data-widget_type=\"text-editor.default\">\n\t\t\t\t<div class=\"elementor-widget-container\">\n\t\t\t\t\t\t\t<p>Aleanca qytatare ju fton t\u00eb na bashkoheni me q\u00ebllim q\u00eb n\u00eb m\u00ebnyr\u00ebn m\u00eb t\u00eb mir\u00eb t\u00eb kontribuoni n\u00eb nd\u00ebrtimin e shoq\u00ebris\u00eb civile dhe demokratike t\u00eb bazuar n\u00eb sundimin e ligjit.<br \/>GA d\u00ebshiron t\u00eb kontribuoj\u00eb n\u00eb krijimin e shoq\u00ebris\u00eb civile dhe demokratike p\u00ebrmes nd\u00ebrtimit t\u00eb kapaciteteve dhe p\u00ebrkrahjes s\u00eb iniciativave civile, mbrojtjen dhe promovimin e t\u00eb drejtave t\u00eb njeriut dhe kontrollimin e pun\u00ebs s\u00eb institucioneve shtet\u00ebrore.<br \/>Vlerat tona jan\u00eb e v\u00ebrteta, drejt\u00ebsia, paqa, toleranca, p\u00ebrgjegj\u00ebsia, barazia, puna ekipore, aktivizmi, transparenca, t\u00eb m\u00ebsuarit e vazhduesh\u00ebm dhe bashk\u00ebpunimi.<\/p>\t\t\t\t\t\t<\/div>\n\t\t\t\t<\/div>\n\t\t\t\t<div class=\"elementor-element elementor-element-459b91c elementor-widget elementor-widget-text-editor\" data-id=\"459b91c\" data-element_type=\"widget\" data-widget_type=\"text-editor.default\">\n\t\t\t\t<div class=\"elementor-widget-container\">\n\t\t\t\t\t\t\t<p>Ju mund t\u00eb na ndihmoni:<\/p><p>1. Duke d\u00ebrguar idet\u00eb, komentet, sugjerimet n\u00eb\u00a0<strong><a href=\"mailto:office@gamn.org\" target=\"_blank\" rel=\"noopener\">office@gamn.org<\/a><\/strong><br \/>2. Duke u paraqitur si volenter\u00eb n\u00eb programet tona:<\/p>\t\t\t\t\t\t<\/div>\n\t\t\t\t<\/div>\n\t\t\t\t<div class=\"elementor-element elementor-element-5c78708 elementor-icon-list--layout-traditional elementor-list-item-link-full_width elementor-widget elementor-widget-icon-list\" data-id=\"5c78708\" data-element_type=\"widget\" data-widget_type=\"icon-list.default\">\n\t\t\t\t<div class=\"elementor-widget-container\">\n\t\t\t\t\t<ul class=\"elementor-icon-list-items\">\n\t\t\t\t\t\t\t<li class=\"elementor-icon-list-item\">\n\t\t\t\t\t\t\t\t\t\t\t<a href=\"https:\/\/gamn.org\/sq\/te-drejtat-e-njeriut-dhe-drejtesia\/\">\n\n\t\t\t\t\t\t\t\t\t\t\t\t<span class=\"elementor-icon-list-icon\">\n\t\t\t\t\t\t\t<i aria-hidden=\"true\" class=\"fas fa-chevron-right\"><\/i>\t\t\t\t\t\t<\/span>\n\t\t\t\t\t\t\t\t\t\t<span class=\"elementor-icon-list-text\">T\u00eb drejtat e njeriut<\/span>\n\t\t\t\t\t\t\t\t\t\t\t<\/a>\n\t\t\t\t\t\t\t\t\t<\/li>\n\t\t\t\t\t\t\t\t<li class=\"elementor-icon-list-item\">\n\t\t\t\t\t\t\t\t\t\t\t<a href=\"https:\/\/gamn.org\/sq\/programi-mediatik\/\">\n\n\t\t\t\t\t\t\t\t\t\t\t\t<span class=\"elementor-icon-list-icon\">\n\t\t\t\t\t\t\t<i aria-hidden=\"true\" class=\"fas fa-chevron-right\"><\/i>\t\t\t\t\t\t<\/span>\n\t\t\t\t\t\t\t\t\t\t<span class=\"elementor-icon-list-text\">Programi mediatik<\/span>\n\t\t\t\t\t\t\t\t\t\t\t<\/a>\n\t\t\t\t\t\t\t\t\t<\/li>\n\t\t\t\t\t\t\t\t<li class=\"elementor-icon-list-item\">\n\t\t\t\t\t\t\t\t\t\t\t<a href=\"https:\/\/gamn.org\/sq\/sps\/\">\n\n\t\t\t\t\t\t\t\t\t\t\t\t<span class=\"elementor-icon-list-icon\">\n\t\t\t\t\t\t\t<i aria-hidden=\"true\" class=\"fas fa-chevron-right\"><\/i>\t\t\t\t\t\t<\/span>\n\t\t\t\t\t\t\t\t\t\t<span class=\"elementor-icon-list-text\">Qeverisja e mir\u00eb<\/span>\n\t\t\t\t\t\t\t\t\t\t\t<\/a>\n\t\t\t\t\t\t\t\t\t<\/li>\n\t\t\t\t\t\t<\/ul>\n\t\t\t\t<\/div>\n\t\t\t\t<\/div>\n\t\t\t\t\t<\/div>\n\t\t\t\t<\/div>\n\t\t<div class=\"elementor-element elementor-element-d0e7d1f e-flex e-con-boxed e-con e-parent\" data-id=\"d0e7d1f\" data-element_type=\"container\" data-settings=\"{&quot;background_background&quot;:&quot;classic&quot;}\">\n\t\t\t\t\t<div class=\"e-con-inner\">\n\t\t\t\t<div class=\"elementor-element elementor-element-573653f elementor-position-left elementor-vertical-align-middle elementor-mobile-position-left elementor-view-default elementor-widget elementor-widget-icon-box\" data-id=\"573653f\" data-element_type=\"widget\" data-widget_type=\"icon-box.default\">\n\t\t\t\t<div class=\"elementor-widget-container\">\n\t\t\t\t\t<div class=\"elementor-icon-box-wrapper\">\n\n\t\t\t\t\t\t<div class=\"elementor-icon-box-icon\">\n\t\t\t\t<span  class=\"elementor-icon elementor-animation-\">\n\t\t\t\t<svg xmlns=\"http:\/\/www.w3.org\/2000\/svg\" xmlns:xlink=\"http:\/\/www.w3.org\/1999\/xlink\" width=\"512\" height=\"512\" x=\"0\" y=\"0\" viewBox=\"0 0 469.341 469.341\" style=\"enable-background:new 0 0 512 512\" xml:space=\"preserve\" class=\"\"><g><path d=\"M437.337 384.007H362.67c-47.052 0-85.333-38.281-85.333-85.333s38.281-85.333 85.333-85.333h74.667a10.66 10.66 0 0 0 10.667-10.667v-32c0-22.368-17.35-40.559-39.271-42.323l-61.26-107c-5.677-9.896-14.844-16.969-25.813-19.906-10.917-2.917-22.333-1.385-32.104 4.302L79.553 128.007H42.67c-23.531 0-42.667 19.135-42.667 42.667v256c0 23.531 19.135 42.667 42.667 42.667h362.667c23.531 0 42.667-19.135 42.667-42.667v-32a10.66 10.66 0 0 0-10.667-10.667zM360.702 87.411l23.242 40.596h-92.971l69.729-40.596zm-238.749 40.596L300.295 24.184c4.823-2.823 10.458-3.573 15.844-2.135 5.448 1.458 9.99 4.979 12.813 9.906l.022.039-164.91 96.013h-42.111z\" fill=\"#1a3383\" opacity=\"1\" data-original=\"#000000\" class=\"\"><\/path><path d=\"M437.337 234.674H362.67c-35.292 0-64 28.708-64 64s28.708 64 64 64h74.667c17.646 0 32-14.354 32-32v-64c0-17.646-14.354-32-32-32zm-74.667 85.333c-11.76 0-21.333-9.573-21.333-21.333 0-11.76 9.573-21.333 21.333-21.333 11.76 0 21.333 9.573 21.333 21.333.001 11.76-9.572 21.333-21.333 21.333z\" fill=\"#1a3383\" opacity=\"1\" data-original=\"#000000\" class=\"\"><\/path><\/g><\/svg>\t\t\t\t<\/span>\n\t\t\t<\/div>\n\t\t\t\n\t\t\t\t\t\t<div class=\"elementor-icon-box-content\">\n\n\t\t\t\t\t\t\t\t\t<h3 class=\"elementor-icon-box-title\">\n\t\t\t\t\t\t<span  >\n\t\t\t\t\t\t\tKontribo\t\t\t\t\t\t<\/span>\n\t\t\t\t\t<\/h3>\n\t\t\t\t\n\t\t\t\t\n\t\t\t<\/div>\n\t\t\t\n\t\t<\/div>\n\t\t\t\t<\/div>\n\t\t\t\t<\/div>\n\t\t\t\t<div class=\"elementor-element elementor-element-96b7fea elementor-widget elementor-widget-text-editor\" data-id=\"96b7fea\" data-element_type=\"widget\" data-widget_type=\"text-editor.default\">\n\t\t\t\t<div class=\"elementor-widget-container\">\n\t\t\t\t\t\t\t<p>Kontribuoni dhe k\u00ebshtu t\u00eb mb\u00ebshtetni luft\u00ebn n\u00eb sundimin e ligjit dhe t\u00eb drejt\u00ebn e njeriut n\u00ebp\u00ebrmjet programeve tona dhe b\u00ebhuni partner i Alianc\u00ebs Qytetare.<\/p><p>\u00c7do kontribut i juaji \u00ebsht\u00eb i r\u00ebnd\u00ebsish\u00ebm dhe paraqet nj\u00eb motivacion m\u00eb shum\u00eb p\u00ebr pun\u00ebn ton\u00eb t\u00eb m\u00ebtejshme.<\/p><p>Kontributet mund t\u2019i paguani si\u00e7 \u00ebsht\u00eb cekur m\u00eb posht\u00eb.<\/p><p><span style=\"color: #992d68;\">1. <strong>Tranfert\u00eb bankare<\/strong><\/span><\/p><p>Kontributin monetar mund ta paguni n\u00eb m\u00ebnyr\u00eb klasike me transfer bankar n\u00eb llogarin\u00eb devizore t\u00eb OJQ Alianca Qytetare. Udh\u00ebzimet p\u00ebr pages\u00ebn n\u00eb llogarin\u00eb devizore GA mund ta shkarkoni k\u00ebtu.<\/p><p><span style=\"color: #992d68;\"><strong>2. Kart\u00eb krediti<\/strong><\/span><\/p><div id=\"wrapper-content\" class=\"clearfix\"><main class=\"site-content-page\"><div class=\"container clearfix\"><div class=\"row clearfix\"><div class=\"site-content-page-inner col-md-12\"><div class=\"page-content\"><div id=\"post-21289\" class=\"post-21289 page type-page status-publish hentry\"><div class=\"entry-content clearfix\"><div class=\"container\"><div class=\"vc_row wpb_row vc_row-fluid page-box\"><div class=\"wpb_column vc_column_container vc_col-sm-12\"><div class=\"vc_column-inner \"><div class=\"wpb_wrapper\"><div class=\"wpb_text_column wpb_content_element \"><div class=\"wpb_wrapper\"><p>Mund t\u00eb paguani me kart\u00eb krediti (Visa dhe Master Card) n\u00eb llogarin\u00eb e Aleanc\u00ebs Qytetare. Pagesa me Kart\u00eb krediti \u00ebsht\u00eb absolutisht e sigurt\u00eb dhe b\u00ebhet p\u00ebrmes qendr\u00ebs s\u00eb NLB Montrenegro Banka AD Podgoric\u00eb. P\u00ebr t\u00eb paguar kontributin tuaj me an\u00eb t\u00eb kart\u00ebs s\u00eb kreditit ju lutemi klikoni k\u00ebtu.<\/p><\/div><\/div><\/div><\/div><\/div><\/div><\/div><\/div><\/div><\/div><\/div><\/div><\/div><\/main><\/div>\t\t\t\t\t\t<\/div>\n\t\t\t\t<\/div>\n\t\t\t\t\t<\/div>\n\t\t\t\t<\/div>\n\t\t\t\t<\/div>\n\t\t","protected":false},"excerpt":{"rendered":"<p>Jepni nj\u00eb kontribut Aleanca qytatare ju fton t\u00eb na bashkoheni me q\u00ebllim q\u00eb n\u00eb m\u00ebnyr\u00ebn m\u00eb t\u00eb mir\u00eb t\u00eb kontribuoni n\u00eb nd\u00ebrtimin e shoq\u00ebris\u00eb civile dhe demokratike t\u00eb bazuar n\u00eb sundimin e ligjit.GA d\u00ebshiron t\u00eb kontribuoj\u00eb n\u00eb krijimin e shoq\u00ebris\u00eb civile dhe demokratike p\u00ebrmes nd\u00ebrtimit t\u00eb kapaciteteve dhe p\u00ebrkrahjes s\u00eb iniciativave civile, mbrojtjen dhe promovimin [&hellip;]<\/p>\n","protected":false},"author":747,"featured_media":0,"parent":0,"menu_order":0,"comment_status":"closed","ping_status":"closed","template":"","meta":{"footnotes":""},"acf":[],"aioseo_notices":[],"_links":{"self":[{"href":"https:\/\/gamn.org\/sq\/wp-json\/wp\/v2\/pages\/38424"}],"collection":[{"href":"https:\/\/gamn.org\/sq\/wp-json\/wp\/v2\/pages"}],"about":[{"href":"https:\/\/gamn.org\/sq\/wp-json\/wp\/v2\/types\/page"}],"author":[{"embeddable":true,"href":"https:\/\/gamn.org\/sq\/wp-json\/wp\/v2\/users\/747"}],"replies":[{"embeddable":true,"href":"https:\/\/gamn.org\/sq\/wp-json\/wp\/v2\/comments?post=38424"}],"version-history":[{"count":0,"href":"https:\/\/gamn.org\/sq\/wp-json\/wp\/v2\/pages\/38424\/revisions"}],"wp:attachment":[{"href":"https:\/\/gamn.org\/sq\/wp-json\/wp\/v2\/media?parent=38424"}],"curies":[{"name":"wp","href":"https:\/\/api.w.org\/{rel}","templated":true}]}}