{"id":38431,"date":"2023-10-16T14:21:47","date_gmt":"2023-10-16T12:21:47","guid":{"rendered":"https:\/\/gamn.org\/medijski-program\/"},"modified":"2024-01-12T13:13:55","modified_gmt":"2024-01-12T12:13:55","slug":"programi-mediatik","status":"publish","type":"page","link":"https:\/\/gamn.org\/sq\/programi-mediatik\/","title":{"rendered":"Programi mediatik"},"content":{"rendered":"\t\t<div data-elementor-type=\"wp-page\" data-elementor-id=\"38431\" class=\"elementor elementor-38431 elementor-37082\" data-elementor-post-type=\"page\">\n\t\t\t\t<div class=\"elementor-element elementor-element-79c1bc9 e-flex e-con-boxed e-con e-parent\" data-id=\"79c1bc9\" data-element_type=\"container\" data-settings=\"{&quot;background_background&quot;:&quot;classic&quot;}\">\n\t\t\t\t\t<div class=\"e-con-inner\">\n\t\t\t\t\t<\/div>\n\t\t\t\t<\/div>\n\t\t<div class=\"elementor-element elementor-element-07f7d00 e-con-full e-flex e-con e-parent\" data-id=\"07f7d00\" data-element_type=\"container\">\n\t\t\t\t<div class=\"elementor-element elementor-element-12af97f elementor-arrows-position-inside elementor-widget elementor-widget-image-carousel\" data-id=\"12af97f\" data-element_type=\"widget\" data-settings=\"{&quot;slides_to_show&quot;:&quot;4&quot;,&quot;navigation&quot;:&quot;arrows&quot;,&quot;autoplay&quot;:&quot;no&quot;,&quot;slides_to_show_laptop&quot;:&quot;3&quot;,&quot;image_spacing_custom&quot;:{&quot;unit&quot;:&quot;px&quot;,&quot;size&quot;:4,&quot;sizes&quot;:[]},&quot;infinite&quot;:&quot;yes&quot;,&quot;speed&quot;:500,&quot;image_spacing_custom_laptop&quot;:{&quot;unit&quot;:&quot;px&quot;,&quot;size&quot;:&quot;&quot;,&quot;sizes&quot;:[]},&quot;image_spacing_custom_tablet&quot;:{&quot;unit&quot;:&quot;px&quot;,&quot;size&quot;:&quot;&quot;,&quot;sizes&quot;:[]},&quot;image_spacing_custom_mobile&quot;:{&quot;unit&quot;:&quot;px&quot;,&quot;size&quot;:&quot;&quot;,&quot;sizes&quot;:[]}}\" data-widget_type=\"image-carousel.default\">\n\t\t\t\t<div class=\"elementor-widget-container\">\n\t\t\t\t\t<div class=\"elementor-image-carousel-wrapper swiper\" dir=\"ltr\">\n\t\t\t<div class=\"elementor-image-carousel swiper-wrapper\" aria-live=\"polite\">\n\t\t\t\t\t\t\t\t<div class=\"swiper-slide\" role=\"group\" aria-roledescription=\"slide\" aria-label=\"1 of 4\"><figure class=\"swiper-slide-inner\"><img decoding=\"async\" class=\"swiper-slide-image\" src=\"https:\/\/gamn.org\/wp-content\/uploads\/elementor\/thumbs\/342728587_179923687908617_5727556814270888966_n-qdy30564vhv7u1rdyalyabqvrbmgehkfpc223m6ye8.jpg\" alt=\"\" \/><\/figure><\/div><div class=\"swiper-slide\" role=\"group\" aria-roledescription=\"slide\" aria-label=\"2 of 4\"><figure class=\"swiper-slide-inner\"><img decoding=\"async\" class=\"swiper-slide-image\" src=\"https:\/\/gamn.org\/wp-content\/uploads\/elementor\/thumbs\/344913137_933832961274028_2821046797484576224_n-1-qdy3071t95xsh9onnbf7fb9sy3d6tvrwdld126461s.jpg\" alt=\"\" \/><\/figure><\/div><div class=\"swiper-slide\" role=\"group\" aria-roledescription=\"slide\" aria-label=\"3 of 4\"><figure class=\"swiper-slide-inner\"><img decoding=\"async\" class=\"swiper-slide-image\" src=\"https:\/\/gamn.org\/wp-content\/uploads\/elementor\/thumbs\/387759986_630478429255148_7986145104484960234_n-qdy308xhmu0d4hlxcc8gkasq4v3x99zd1uo00q1dpc.jpg\" alt=\"\" \/><\/figure><\/div><div class=\"swiper-slide\" role=\"group\" aria-roledescription=\"slide\" aria-label=\"4 of 4\"><figure class=\"swiper-slide-inner\"><img decoding=\"async\" class=\"swiper-slide-image\" src=\"https:\/\/gamn.org\/wp-content\/uploads\/elementor\/thumbs\/329744620_594035875395907_5774838768796626933_n-qdy349omvbiisfrnv2t08a9pm7ag6ny0xr4rxc2r34.jpg\" alt=\"\" \/><\/figure><\/div>\t\t\t<\/div>\n\t\t\t\t\t\t\t\t\t\t\t\t<div class=\"elementor-swiper-button elementor-swiper-button-prev\" role=\"button\" tabindex=\"0\">\n\t\t\t\t\t\t<i aria-hidden=\"true\" class=\"eicon-chevron-left\"><\/i>\t\t\t\t\t<\/div>\n\t\t\t\t\t<div class=\"elementor-swiper-button elementor-swiper-button-next\" role=\"button\" tabindex=\"0\">\n\t\t\t\t\t\t<i aria-hidden=\"true\" class=\"eicon-chevron-right\"><\/i>\t\t\t\t\t<\/div>\n\t\t\t\t\n\t\t\t\t\t\t\t\t\t<\/div>\n\t\t\t\t<\/div>\n\t\t\t\t<\/div>\n\t\t\t\t<\/div>\n\t\t<div class=\"elementor-element elementor-element-c5009f4 e-flex e-con-boxed e-con e-parent\" data-id=\"c5009f4\" data-element_type=\"container\">\n\t\t\t\t\t<div class=\"e-con-inner\">\n\t\t\t\t<div class=\"elementor-element elementor-element-52b8544 elementor-widget elementor-widget-text-editor\" data-id=\"52b8544\" data-element_type=\"widget\" data-widget_type=\"text-editor.default\">\n\t\t\t\t<div class=\"elementor-widget-container\">\n\t\t\t\t\t\t\t<p>Programi i medias u krijua me q\u00ebllim t\u00eb shfryt\u00ebzimit t\u00eb \u201ctalenteve\u201d t\u00eb ndryshme t\u00eb t\u00eb gjith\u00eb an\u00ebtar\u00ebve p\u00ebr t\u00eb krijuar nj\u00eb hap\u00ebsir\u00eb p\u00ebr shk\u00ebmbimin e informatave midis qytetar\u00ebve dhe institucioneve t\u00eb sistemit dhe t\u00eb krijonte nj\u00eb ndikim m\u00eb t\u00eb madh n\u00eb demokratizimin e shoq\u00ebris\u00eb n\u00eb t\u00ebr\u00ebsi.<\/p><p>Me programin e medias, ne duam t\u00eb kontribuojm\u00eb n\u00eb krijimin e nj\u00eb shoq\u00ebrie m\u00eb t\u00eb mir\u00eb n\u00eb Malin e Zi si dhe n\u00eb rajonin e Ballkanit. P\u00ebr ne, nj\u00eb shoq\u00ebri m\u00eb e mir\u00eb n\u00ebnkupton respektimin e t\u00eb drejtave t\u00eb njeriut dhe sundimin e ligjit, dhe n\u00eb ve\u00e7anti llogaridh\u00ebnien publike dhe transparenc\u00ebn e qeveris\u00eb dhe institucioneve t\u00eb tyre, me lirin\u00eb e pashmangshme t\u00eb fjal\u00ebs s\u00eb qytetar\u00ebve.<\/p>\t\t\t\t\t\t<\/div>\n\t\t\t\t<\/div>\n\t\t\t\t<div class=\"elementor-element elementor-element-12f2fed elementor-widget elementor-widget-text-editor\" data-id=\"12f2fed\" data-element_type=\"widget\" data-widget_type=\"text-editor.default\">\n\t\t\t\t<div class=\"elementor-widget-container\">\n\t\t\t\t\t\t\t<p>Projektet e realizuara p\u00ebrmes programit t\u00eb medias jan\u00eb:<\/p>\t\t\t\t\t\t<\/div>\n\t\t\t\t<\/div>\n\t\t\t\t<div class=\"elementor-element elementor-element-0c5331d elementor-align-left elementor-icon-list--layout-traditional elementor-list-item-link-full_width elementor-widget elementor-widget-icon-list\" data-id=\"0c5331d\" data-element_type=\"widget\" data-widget_type=\"icon-list.default\">\n\t\t\t\t<div class=\"elementor-widget-container\">\n\t\t\t\t\t<ul class=\"elementor-icon-list-items\">\n\t\t\t\t\t\t\t<li class=\"elementor-icon-list-item\">\n\t\t\t\t\t\t\t\t\t\t\t<span class=\"elementor-icon-list-icon\">\n\t\t\t\t\t\t\t<i aria-hidden=\"true\" class=\"fas fa-circle\"><\/i>\t\t\t\t\t\t<\/span>\n\t\t\t\t\t\t\t\t\t\t<span class=\"elementor-icon-list-text\">Gjetja e shkeljeve t\u00eb t\u00eb drejtave t\u00eb qytetar\u00ebve n\u00eb trajtimin me institucionet publike;<\/span>\n\t\t\t\t\t\t\t\t\t<\/li>\n\t\t\t\t\t\t\t\t<li class=\"elementor-icon-list-item\">\n\t\t\t\t\t\t\t\t\t\t\t<span class=\"elementor-icon-list-icon\">\n\t\t\t\t\t\t\t<i aria-hidden=\"true\" class=\"fas fa-circle\"><\/i>\t\t\t\t\t\t<\/span>\n\t\t\t\t\t\t\t\t\t\t<span class=\"elementor-icon-list-text\">B\u00ebrja e filmave, dokumentar\u00ebve dhe video materialeve t\u00eb tjera n\u00eb lidhje me angazhimin n\u00eb shoq\u00ebri;<\/span>\n\t\t\t\t\t\t\t\t\t<\/li>\n\t\t\t\t\t\t\t\t<li class=\"elementor-icon-list-item\">\n\t\t\t\t\t\t\t\t\t\t\t<span class=\"elementor-icon-list-icon\">\n\t\t\t\t\t\t\t<i aria-hidden=\"true\" class=\"fas fa-circle\"><\/i>\t\t\t\t\t\t<\/span>\n\t\t\t\t\t\t\t\t\t\t<span class=\"elementor-icon-list-text\">Edukimi dhe mb\u00ebshtetja p\u00ebr gazetar\u00ebt dhe student\u00ebt e gazetaris\u00eb n\u00eb gazetarin\u00eb hulumtuese si dhe aft\u00ebsit\u00eb e tjera t\u00eb medias;<\/span>\n\t\t\t\t\t\t\t\t\t<\/li>\n\t\t\t\t\t\t\t\t<li class=\"elementor-icon-list-item\">\n\t\t\t\t\t\t\t\t\t\t\t<span class=\"elementor-icon-list-icon\">\n\t\t\t\t\t\t\t<i aria-hidden=\"true\" class=\"fas fa-circle\"><\/i>\t\t\t\t\t\t<\/span>\n\t\t\t\t\t\t\t\t\t\t<span class=\"elementor-icon-list-text\">Promovimi i gazetaris\u00eb etike dhe respektimi i Kodit t\u00eb Gazetar\u00ebve t\u00eb Malit t\u00eb Zi;<\/span>\n\t\t\t\t\t\t\t\t\t<\/li>\n\t\t\t\t\t\t\t\t<li class=\"elementor-icon-list-item\">\n\t\t\t\t\t\t\t\t\t\t\t<span class=\"elementor-icon-list-icon\">\n\t\t\t\t\t\t\t<i aria-hidden=\"true\" class=\"fas fa-circle\"><\/i>\t\t\t\t\t\t<\/span>\n\t\t\t\t\t\t\t\t\t\t<span class=\"elementor-icon-list-text\">Krijimi i hap\u00ebsir\u00ebs p\u00ebr pajtim dhe bashk\u00ebpunim n\u00eb rajon p\u00ebrmes shk\u00ebmbimit t\u00eb mendimeve t\u00eb atyre q\u00eb mendojn\u00eb n\u00eb m\u00ebnyr\u00eb kritike dhe promovimi i ides\u00eb mbi \u201cshoq\u00ebrin\u00eb pa urrejtje\u201d.<\/span>\n\t\t\t\t\t\t\t\t\t<\/li>\n\t\t\t\t\t\t<\/ul>\n\t\t\t\t<\/div>\n\t\t\t\t<\/div>\n\t\t\t\t\t<\/div>\n\t\t\t\t<\/div>\n\t\t\t\t<\/div>\n\t\t","protected":false},"excerpt":{"rendered":"<p>Programi i medias u krijua me q\u00ebllim t\u00eb shfryt\u00ebzimit t\u00eb \u201ctalenteve\u201d t\u00eb ndryshme t\u00eb t\u00eb gjith\u00eb an\u00ebtar\u00ebve p\u00ebr t\u00eb krijuar nj\u00eb hap\u00ebsir\u00eb p\u00ebr shk\u00ebmbimin e informatave midis qytetar\u00ebve dhe institucioneve t\u00eb sistemit dhe t\u00eb krijonte nj\u00eb ndikim m\u00eb t\u00eb madh n\u00eb demokratizimin e shoq\u00ebris\u00eb n\u00eb t\u00ebr\u00ebsi. Me programin e medias, ne duam t\u00eb kontribuojm\u00eb n\u00eb [&hellip;]<\/p>\n","protected":false},"author":747,"featured_media":0,"parent":0,"menu_order":0,"comment_status":"closed","ping_status":"closed","template":"elementor_header_footer","meta":{"footnotes":""},"acf":[],"aioseo_notices":[],"_links":{"self":[{"href":"https:\/\/gamn.org\/sq\/wp-json\/wp\/v2\/pages\/38431"}],"collection":[{"href":"https:\/\/gamn.org\/sq\/wp-json\/wp\/v2\/pages"}],"about":[{"href":"https:\/\/gamn.org\/sq\/wp-json\/wp\/v2\/types\/page"}],"author":[{"embeddable":true,"href":"https:\/\/gamn.org\/sq\/wp-json\/wp\/v2\/users\/747"}],"replies":[{"embeddable":true,"href":"https:\/\/gamn.org\/sq\/wp-json\/wp\/v2\/comments?post=38431"}],"version-history":[{"count":0,"href":"https:\/\/gamn.org\/sq\/wp-json\/wp\/v2\/pages\/38431\/revisions"}],"wp:attachment":[{"href":"https:\/\/gamn.org\/sq\/wp-json\/wp\/v2\/media?parent=38431"}],"curies":[{"name":"wp","href":"https:\/\/api.w.org\/{rel}","templated":true}]}}